{"id":7243,"date":"2025-04-28T18:06:28","date_gmt":"2025-04-28T16:06:28","guid":{"rendered":"https:\/\/us.edu.pl\/instytut\/ifiz\/?page_id=7243"},"modified":"2025-08-06T16:29:36","modified_gmt":"2025-08-06T14:29:36","slug":"dzialalnosc-promieniowanie-jonizujace","status":"publish","type":"page","link":"https:\/\/us.edu.pl\/instytut\/ifiz\/nauka\/dzialalnosc-promieniowanie-jonizujace\/","title":{"rendered":"Dzia\u0142alno\u015b\u0107 zwi\u0105zana z promieniowaniem jonizuj\u0105cym"},"content":{"rendered":"<p>[vc_row][vc_column]\r\n                <div class=\"text-modules\">\r\n                    <div class=\"container\">\r\n                        <h3 class=\"page-title text__title\">Informacja o dzia\u0142alno\u015bci polegaj\u0105cej na wykorzystywaniu \u017ar\u00f3de\u0142 promieniowania jonizuj\u0105cego<\/h3>\r\n                        <div class=\"text-modules__content\"><p><span style=\"font-size: 14pt;\">Informujemy, \u017ce na terenie pracowni klasy Z i rentgenowskich Wydzia\u0142u Nauk \u015acis\u0142ych i Technicznych wykonywana jest dzia\u0142alno\u015b\u0107 naukowa i dydaktyczna zwi\u0105zana z nara\u017ceniem na promieniowanie jonizuj\u0105ce, polegaj\u0105ca na:<\/span><\/p>\n<ul>\n<li><span style=\"font-size: 14pt;\">stosowaniu urz\u0105dze\u0144 wytwarzaj\u0105cych promieniowanie jonizuj\u0105ce,<\/span><\/li>\n<li><span style=\"font-size: 14pt;\">stosowaniu urz\u0105dze\u0144, w kt\u00f3rych zainstalowano \u017ar\u00f3d\u0142o promieniowania jonizuj\u0105cego,<\/span><\/li>\n<li><span style=\"font-size: 14pt;\">stosowaniu zamkni\u0119tych \u017ar\u00f3de\u0142 promieniotw\u00f3rczych,<\/span><\/li>\n<\/ul>\n<p><span style=\"font-size: 14pt;\">Dzia\u0142alno\u015b\u0107 ta jest zgodna z\u00a0obowi\u0105zuj\u0105cymi przepisami Ustawy z dn. 29 listopada 2000 r. \u2013 Prawo atomowe (Dz.U. z 2023 poz. 1173). Uniwersytet \u015al\u0105ski posiada odpowiednie zezwolenia Prezesa Pa\u0144stwowej Agencji Atomistyki dotycz\u0105ce prowadzonej dzia\u0142alno\u015bci.<\/span><\/p>\n<p><span style=\"font-size: 14pt;\"><strong>W ci\u0105gu ostatnich 12 miesi\u0119cy<\/strong>:<\/span><\/p>\n<ul>\n<li><span style=\"font-size: 14pt;\">dzia\u0142alno\u015b\u0107 zwi\u0105zana z nara\u017ceniem na promieniowanie jonizuj\u0105ce <strong>nie spowodowa\u0142a<\/strong> zwi\u0119kszonego nara\u017cenia na promieniowanie os\u00f3b z og\u00f3\u0142u ludno\u015bci, student\u00f3w, doktorant\u00f3w ani pracownik\u00f3w,<\/span><\/li>\n<li><span style=\"font-size: 14pt;\"><strong>nie dosz\u0142o<\/strong> uwolnienia promieniotw\u00f3rczych izotop\u00f3w do \u015brodowiska.<\/span><\/li>\n<\/ul>\n<p><span style=\"font-size: 14pt;\">Bezpiecze\u0144stwo og\u00f3\u0142u ludno\u015bci oraz pracownik\u00f3w w Uniwersytecie \u015al\u0105skim zapewnione jest przez wprowadzenie adekwatnych \u015brodk\u00f3w ochrony radiologicznej i bezpiecze\u0144stwa j\u0105drowego, w szczeg\u00f3lno\u015bci:<\/span><\/p>\n<ul>\n<li><span style=\"font-size: 14pt;\">stosowanie odpowiednich zabezpiecze\u0144 \u017ar\u00f3de\u0142 promieniotw\u00f3rczych,<\/span><\/li>\n<li><span style=\"font-size: 14pt;\">ocena nara\u017cenia oraz ryzyka nara\u017cenia os\u00f3b z og\u00f3\u0142u ludno\u015bci i pracownik\u00f3w, zapobieganie ryzyku za pomoc\u0105 \u015brodk\u00f3w technicznych i organizacyjnych<\/span><\/li>\n<li><span style=\"font-size: 14pt;\">nadz\u00f3r inspektora ochrony radiologicznej<\/span><\/li>\n<li><span style=\"font-size: 14pt;\">wyposa\u017cenie pracownik\u00f3w w indywidualne \u015brodki ochronne<\/span><\/li>\n<li><span style=\"font-size: 14pt;\">regularne pomiary dozymetryczne.<\/span><\/li>\n<\/ul>\n<p><span style=\"font-size: 14pt;\">Pracownie, kt\u00f3rych dotyczy wspomniana dzia\u0142alno\u015b\u0107, zlokalizowane s\u0105 na terenie kampusu chorzowskiego:<\/span><\/p>\n<ol>\n<li><span style=\"font-size: 14pt;\">Wydzia\u0142 Nauk \u015acis\u0142ych i Technicznych, ul. 75 Pu\u0142ku Piechoty 1A, 41-500 Chorz\u00f3w<\/span><\/li>\n<li><span style=\"font-size: 14pt;\">Wydzia\u0142 Nauk \u015acis\u0142ych i Technicznych, ul. 75 Pu\u0142ku Piechoty 1, 41-500 Chorz\u00f3w<\/span><\/li>\n<\/ol>\n<p><strong><span style=\"font-size: 14pt;\">Data publikacji: 20.06.2024 r.<\/span><\/strong><\/p>\n<\/div>\r\n                    <\/div>\r\n                <\/div>[\/vc_column][\/vc_row]<\/p>","protected":false},"excerpt":{"rendered":"<p>[vc_row][vc_column][\/vc_column][\/vc_row] [&#8230;]<\/p>\n<p><a class=\"btn btn-secondary understrap-read-more-link\" href=\"https:\/\/us.edu.pl\/instytut\/ifiz\/nauka\/dzialalnosc-promieniowanie-jonizujace\/\">Read More&#8230;<\/a><\/p>\n","protected":false},"author":6706,"featured_media":0,"parent":162,"menu_order":3,"comment_status":"closed","ping_status":"closed","template":"","meta":{"_expiration-date-status":"","_expiration-date":0,"_expiration-date-type":"","_expiration-date-categories":[],"_expiration-date-options":[]},"acf":[],"_links":{"self":[{"href":"https:\/\/us.edu.pl\/instytut\/ifiz\/wp-json\/wp\/v2\/pages\/7243"}],"collection":[{"href":"https:\/\/us.edu.pl\/instytut\/ifiz\/wp-json\/wp\/v2\/pages"}],"about":[{"href":"https:\/\/us.edu.pl\/instytut\/ifiz\/wp-json\/wp\/v2\/types\/page"}],"author":[{"embeddable":true,"href":"https:\/\/us.edu.pl\/instytut\/ifiz\/wp-json\/wp\/v2\/users\/6706"}],"replies":[{"embeddable":true,"href":"https:\/\/us.edu.pl\/instytut\/ifiz\/wp-json\/wp\/v2\/comments?post=7243"}],"version-history":[{"count":0,"href":"https:\/\/us.edu.pl\/instytut\/ifiz\/wp-json\/wp\/v2\/pages\/7243\/revisions"}],"up":[{"embeddable":true,"href":"https:\/\/us.edu.pl\/instytut\/ifiz\/wp-json\/wp\/v2\/pages\/162"}],"wp:attachment":[{"href":"https:\/\/us.edu.pl\/instytut\/ifiz\/wp-json\/wp\/v2\/media?parent=7243"}],"curies":[{"name":"wp","href":"https:\/\/api.w.org\/{rel}","templated":true}]}}