{"id":798,"date":"2020-03-10T10:53:21","date_gmt":"2020-03-10T09:53:21","guid":{"rendered":"http:\/\/us.edu.pl\/instytut\/ifiz\/?page_id=798"},"modified":"2026-03-20T12:55:45","modified_gmt":"2026-03-20T11:55:45","slug":"sekretariaty","status":"publish","type":"page","link":"https:\/\/us.edu.pl\/instytut\/ifiz\/strona-glowna-ifiz\/sekretariaty\/","title":{"rendered":"Biuro ewaluacji"},"content":{"rendered":"<p>[vc_row][vc_column]\r\n                <div class=\"text-modules\">\r\n                    <div class=\"container\">\r\n                        \r\n                        <div class=\"text-modules__content\"><\/p>\n<h1><span style=\"font-size: 18pt;\"><strong><span style=\"color: #003366;\">Sprawy og\u00f3lne i kadrowe<\/span><\/strong><\/span><\/h1>\n<p>&nbsp;<\/p>\n<p>mgr Agnieszka Jankowska<\/p>\n<p><strong>E-mail:<\/strong> <a href=\"mailto:agnieszka.jankowska@us.edu.pl\">agnieszka.jankowska@us.edu.pl<\/a><br \/>\n<strong>Telefon:<\/strong> 32 3493 875<br \/>\n<strong>Adres:<\/strong> ul. 75 Pu\u0142ku Piechoty 1, pok\u00f3j 314, 41-500 Chorz\u00f3w<\/p>\n<\/div>\r\n                    <\/div>\r\n                <\/div>[vc_separator color=&#8221;sky&#8221;]\r\n                <div class=\"text-modules\">\r\n                    <div class=\"container\">\r\n                        \r\n                        <div class=\"text-modules__content\"><\/p>\n<h1><span style=\"font-size: 18pt;\"><strong><span style=\"color: #003366;\">Sprawy naukowe<\/span><\/strong><\/span><\/h1>\n<p>&nbsp;<\/p>\n<p>mgr Magdalena Parzyjag\u0142a<\/p>\n<p><strong>E-mail:<\/strong> <a href=\"mailto:magdalena.parzyjagla@us.edu.pl\">magdalena.parzyjagla@us.edu.pl<\/a><br \/>\n<strong>Telefon:<\/strong> 32 3493 881<br data-start=\"524\" data-end=\"527\" \/><strong>Adres:<\/strong> ul. 75 Pu\u0142ku Piechoty 1, pok\u00f3j 316, 41-500 Chorz\u00f3w<br data-start=\"591\" data-end=\"594\" \/><\/p>\n<\/div>\r\n                    <\/div>\r\n                <\/div>[vc_separator color=&#8221;sky&#8221;]\r\n                <div class=\"text-modules\">\r\n                    <div class=\"container\">\r\n                        \r\n                        <div class=\"text-modules__content\"><\/p>\n<h1><span style=\"color: #003366; font-size: 18pt;\"><strong>Sprawy finansowe<\/strong><\/span><\/h1>\n<p>mgr Natalia Ohirko*<\/p>\n<p>&nbsp;<\/p>\n<p><strong>E-mail:<\/strong> <a href=\"mailto:natalia.ohirko@us.edu.pl\">natalia.ohirko@us.edu.pl<\/a><br \/>\n<strong>Telefon:<\/strong> 32 349 38 77\u00a0 <br data-start=\"524\" data-end=\"527\" \/><strong>Adres:<\/strong> ul. 75 Pu\u0142ku Piechoty 1A, pok\u00f3j P\/0\/20, 41-500 Chorz\u00f3w<\/p>\n<p>&nbsp;<\/p>\n<p>*od dnia 30 marca 2026 r.<\/p>\n<\/div>\r\n                    <\/div>\r\n                <\/div>[vc_separator color=&#8221;sky&#8221;][\/vc_column][\/vc_row]<\/p>","protected":false},"excerpt":{"rendered":"<p>[vc_row][vc_column][vc_separator color=&#8221;sky&#8221;][vc_separator color=&#8221;sky&#8221;][vc_separator color=&#8221;sky&#8221;][\/vc_column][\/vc_row] [&#8230;]<\/p>\n<p><a class=\"btn btn-secondary understrap-read-more-link\" href=\"https:\/\/us.edu.pl\/instytut\/ifiz\/strona-glowna-ifiz\/sekretariaty\/\">Read More&#8230;<\/a><\/p>\n","protected":false},"author":104,"featured_media":0,"parent":4,"menu_order":25,"comment_status":"closed","ping_status":"closed","template":"page-templates\/inner-page.php","meta":{"_expiration-date-status":"","_expiration-date":0,"_expiration-date-type":"","_expiration-date-categories":[],"_expiration-date-options":[]},"acf":[],"_links":{"self":[{"href":"https:\/\/us.edu.pl\/instytut\/ifiz\/wp-json\/wp\/v2\/pages\/798"}],"collection":[{"href":"https:\/\/us.edu.pl\/instytut\/ifiz\/wp-json\/wp\/v2\/pages"}],"about":[{"href":"https:\/\/us.edu.pl\/instytut\/ifiz\/wp-json\/wp\/v2\/types\/page"}],"author":[{"embeddable":true,"href":"https:\/\/us.edu.pl\/instytut\/ifiz\/wp-json\/wp\/v2\/users\/104"}],"replies":[{"embeddable":true,"href":"https:\/\/us.edu.pl\/instytut\/ifiz\/wp-json\/wp\/v2\/comments?post=798"}],"version-history":[{"count":0,"href":"https:\/\/us.edu.pl\/instytut\/ifiz\/wp-json\/wp\/v2\/pages\/798\/revisions"}],"up":[{"embeddable":true,"href":"https:\/\/us.edu.pl\/instytut\/ifiz\/wp-json\/wp\/v2\/pages\/4"}],"wp:attachment":[{"href":"https:\/\/us.edu.pl\/instytut\/ifiz\/wp-json\/wp\/v2\/media?parent=798"}],"curies":[{"name":"wp","href":"https:\/\/api.w.org\/{rel}","templated":true}]}}