{"id":264,"date":"2020-01-17T12:30:26","date_gmt":"2020-01-17T11:30:26","guid":{"rendered":"http:\/\/us.edu.pl\/instytut\/ih\/?page_id=264"},"modified":"2020-01-17T12:46:53","modified_gmt":"2020-01-17T11:46:53","slug":"rada-interesariuszy","status":"publish","type":"page","link":"https:\/\/us.edu.pl\/instytut\/ih\/wspolpraca\/rada-interesariuszy\/","title":{"rendered":"Rada Interesariuszy"},"content":{"rendered":"<p>[vc_row][vc_column]\r\n                <div class=\"text-modules\">\r\n                    <div class=\"container\">\r\n                        \r\n                        <div class=\"text-modules__content\"><p><span style=\"font-size: 12pt\">W 2016 roku powo\u0142ano do \u017cycia nowy organ &#8211; <strong>Rad\u0119 Interesariuszy Instytutu Historii Uniwersytetu \u015al\u0105skiego<\/strong>. Posiedzenie inauguruj\u0105ce kadencj\u0119 2016-2020 odby\u0142o si\u0119 <strong>1 marca 2016 roku<\/strong>.<\/span><\/p>\n<ul>\n<li><span style=\"font-size: 12pt\"><a href=\"http:\/\/us.edu.pl\/instytut\/ih\/wp-content\/uploads\/sites\/24\/Nieprzypisane\/Rada-Interesariuszy-Instytutu-Historii.pdf\" class=\"mtli_attachment mtli_pdf\" data-mtli=\"mtli_filesize216,30kB\" class=\"mtli_attachment mtli_pdf\" data-mtli=\"mtli_filesize216,30kB\">Sk\u0142ad Rady oraz informacja o jej najwa\u017cniejszych zadaniach<\/a><\/span><\/li>\n<li><span style=\"font-size: 12pt\"><a href=\"http:\/\/us.edu.pl\/instytut\/ih\/wp-content\/uploads\/sites\/24\/Nieprzypisane\/SPRAWOZDANIE-Z-DZIA\u0141ALNO\u015aCI-RI-IH-U\u015a-za-rok-akademicki-2016-2017-2.pdf\" class=\"mtli_attachment mtli_pdf\" data-mtli=\"mtli_filesize220,15kB\" class=\"mtli_attachment mtli_pdf\" data-mtli=\"mtli_filesize220,15kB\">Sprawozdanie z dzia\u0142alno\u015bci Rady za rok akademicki 2016\/2017<\/a><\/span><\/li>\n<li><span style=\"font-size: 12pt\"><a href=\"http:\/\/us.edu.pl\/instytut\/ih\/wp-content\/uploads\/sites\/24\/Nieprzypisane\/SPRAWOZDANIE-Z-DZIA\u0141ALNO\u015aCI-RI-IH-U\u015a-za-rok-akademicki-2017-2018-4.pdf\" class=\"mtli_attachment mtli_pdf\" data-mtli=\"mtli_filesize219,16kB\" class=\"mtli_attachment mtli_pdf\" data-mtli=\"mtli_filesize219,16kB\">Sprawozdanie z dzia\u0142alno\u015bci Rady za rok akademicki 2017\/2018<\/a> <\/span><\/li>\n<\/ul>\n<p>\n<style type=\"text\/css\">a[data-mtli~=\"mtli_filesize216,30kB\"]:after {content:\" (216,30 kB)\"}a[data-mtli~=\"mtli_filesize220,15kB\"]:after {content:\" (220,15 kB)\"}a[data-mtli~=\"mtli_filesize219,16kB\"]:after {content:\" (219,16 kB)\"}<\/style><\/div>\r\n                    <\/div>\r\n                <\/div>[\/vc_column][\/vc_row][vc_row][vc_column]            \r\n                    <div class=\"container\">\r\n                        <div class=\"gallery gallery_3\" data-images-in-row=\"3\">\r\n                            \r\n                            <div class=\"row m-0\">\r\n                                <a data-fancybox-group=\"button\" title=\"\" data-fancybox=\"2199\" href=\"https:\/\/us.edu.pl\/instytut\/ih\/wp-content\/uploads\/sites\/24\/Nieprzypisane\/20161203131134_8.jpg\" class=\"gallery__item thumbnail\"\r\n                                    style=\"background-image: url(https:\/\/us.edu.pl\/instytut\/ih\/wp-content\/uploads\/sites\/24\/Nieprzypisane\/20161203131134_8-1024x736.jpg)\"> <span class=\"d-none\">https:\/\/us.edu.pl\/instytut\/ih\/wp-content\/uploads\/sites\/24\/Nieprzypisane\/20161203131134_8.jpg<\/span> <\/a><a data-fancybox-group=\"button\" title=\"\" data-fancybox=\"2199\" href=\"https:\/\/us.edu.pl\/instytut\/ih\/wp-content\/uploads\/sites\/24\/Nieprzypisane\/20161203131359_DSCF6018.jpg\" class=\"gallery__item thumbnail\"\r\n                                    style=\"background-image: url(https:\/\/us.edu.pl\/instytut\/ih\/wp-content\/uploads\/sites\/24\/Nieprzypisane\/20161203131359_DSCF6018-1024x768.jpg)\"> <span class=\"d-none\">https:\/\/us.edu.pl\/instytut\/ih\/wp-content\/uploads\/sites\/24\/Nieprzypisane\/20161203131359_DSCF6018.jpg<\/span> <\/a><a data-fancybox-group=\"button\" title=\"\" data-fancybox=\"2199\" href=\"https:\/\/us.edu.pl\/instytut\/ih\/wp-content\/uploads\/sites\/24\/Nieprzypisane\/20161203131637_DSCF6034.jpg\" class=\"gallery__item thumbnail\"\r\n                                    style=\"background-image: url(https:\/\/us.edu.pl\/instytut\/ih\/wp-content\/uploads\/sites\/24\/Nieprzypisane\/20161203131637_DSCF6034-1024x768.jpg)\"> <span class=\"d-none\">https:\/\/us.edu.pl\/instytut\/ih\/wp-content\/uploads\/sites\/24\/Nieprzypisane\/20161203131637_DSCF6034.jpg<\/span> <\/a>\r\n                            <\/div>\r\n                    <\/div>\r\n                <\/div>[\/vc_column][\/vc_row]<\/p>\n<style type=\"text\/css\">a[data-mtli~=\"mtli_filesize216,30kB\"]:after {content:\" (216,30 kB)\"}a[data-mtli~=\"mtli_filesize220,15kB\"]:after {content:\" (220,15 kB)\"}a[data-mtli~=\"mtli_filesize219,16kB\"]:after {content:\" (219,16 kB)\"}<\/style>","protected":false},"excerpt":{"rendered":"<p>[vc_row][vc_column][\/vc_column][\/vc_row][vc_row][vc_column][\/vc_column][\/vc_row] [&#8230;]<\/p>\n<p><a class=\"btn btn-secondary understrap-read-more-link\" href=\"https:\/\/us.edu.pl\/instytut\/ih\/wspolpraca\/rada-interesariuszy\/\">Read More&#8230;<\/a><\/p>\n","protected":false},"author":32,"featured_media":0,"parent":198,"menu_order":6,"comment_status":"closed","ping_status":"closed","template":"","meta":{"_expiration-date-status":"saved","_expiration-date":0,"_expiration-date-type":"","_expiration-date-categories":[],"_expiration-date-options":[]},"acf":[],"_links":{"self":[{"href":"https:\/\/us.edu.pl\/instytut\/ih\/wp-json\/wp\/v2\/pages\/264"}],"collection":[{"href":"https:\/\/us.edu.pl\/instytut\/ih\/wp-json\/wp\/v2\/pages"}],"about":[{"href":"https:\/\/us.edu.pl\/instytut\/ih\/wp-json\/wp\/v2\/types\/page"}],"author":[{"embeddable":true,"href":"https:\/\/us.edu.pl\/instytut\/ih\/wp-json\/wp\/v2\/users\/32"}],"replies":[{"embeddable":true,"href":"https:\/\/us.edu.pl\/instytut\/ih\/wp-json\/wp\/v2\/comments?post=264"}],"version-history":[{"count":3,"href":"https:\/\/us.edu.pl\/instytut\/ih\/wp-json\/wp\/v2\/pages\/264\/revisions"}],"predecessor-version":[{"id":273,"href":"https:\/\/us.edu.pl\/instytut\/ih\/wp-json\/wp\/v2\/pages\/264\/revisions\/273"}],"up":[{"embeddable":true,"href":"https:\/\/us.edu.pl\/instytut\/ih\/wp-json\/wp\/v2\/pages\/198"}],"wp:attachment":[{"href":"https:\/\/us.edu.pl\/instytut\/ih\/wp-json\/wp\/v2\/media?parent=264"}],"curies":[{"name":"wp","href":"https:\/\/api.w.org\/{rel}","templated":true}]}}