{"id":274,"date":"2020-01-17T13:00:03","date_gmt":"2020-01-17T12:00:03","guid":{"rendered":"http:\/\/us.edu.pl\/instytut\/ih\/?page_id=274"},"modified":"2020-01-17T13:02:42","modified_gmt":"2020-01-17T12:02:42","slug":"instytucje-kultury","status":"publish","type":"page","link":"https:\/\/us.edu.pl\/instytut\/ih\/wspolpraca\/instytucje-kultury\/","title":{"rendered":"Instytucje kultury"},"content":{"rendered":"<p>[vc_row][vc_column]\r\n                <div class=\"text-modules\">\r\n                    <div class=\"container\">\r\n                        <h3 class=\"page-title text__title\">Instytucje kultury wsp\u00f3\u0142pracuj\u0105ce z Instytutem Historii<\/h3>\r\n                        <div class=\"text-modules__content\"><\/p>\n<ul>\n<li><span style=\"font-size: 12pt\"><a href=\"https:\/\/www.katowice.ap.gov.pl\/\"><strong>Archiwum Pa\u0144stwowe w Katowicach<\/strong><\/a> \u2013 wsp\u00f3\u0142praca w zakresie realizacji praktyk zawodowych, organizacji wizyt studyjnych, konferencji oraz przedsi\u0119wzi\u0119\u0107 edukacyjnych, udzia\u0142 przedstawiciela w pracach RI IH.<\/span><\/li>\n<li><span style=\"font-size: 12pt\"><a href=\"https:\/\/deportacje45.pl\/\"><strong>Centrum Dokumentacji Deportacji G\u00f3rno\u015bl\u0105zak\u00f3w do ZSRR w 1945 roku w Radzionkowie<\/strong> <\/a>\u2013 wsp\u00f3\u0142praca w zakresie realizacji praktyk zawodowych, organizacji wizyt studyjnych, konferencji i przedsi\u0119wzi\u0119\u0107 edukacyjnych, udzia\u0142 przedstawiciela w pracach RI IH.<\/span><\/li>\n<li><span style=\"font-size: 12pt\"><a href=\"http:\/\/ibr.bs.katowice.pl\/\"><strong>Instytut Bada\u0144 Regionalnych Biblioteki \u015al\u0105skiej w Katowicach<\/strong><\/a> \u2013 wsp\u00f3\u0142praca w zakresie realizacji przedsi\u0119wzi\u0119\u0107 edukacyjnych.<\/span><\/li>\n<li><span style=\"font-size: 12pt\"><a href=\"https:\/\/katowice.ipn.gov.pl\/\"><strong>Instytut Pami\u0119ci Narodowej oddzia\u0142 Katowice<\/strong> <\/a>\u2013 wsp\u00f3\u0142praca w zakresie realizacji praktyk zawodowych, organizacji wizyt studyjnych, konferencji oraz przedsi\u0119wzi\u0119\u0107 edukacyjnych, udzia\u0142 w prowadzeniu zaj\u0119\u0107 oraz uczestnictwo przedstawiciela w pracach RI IH.<\/span><\/li>\n<li><span style=\"font-size: 12pt\"><a href=\"https:\/\/www.muzeumzaglebia.pl\/\"><strong>Muzeum Zag\u0142\u0119bia w B\u0119dzinie<\/strong><\/a> \u2013 wsp\u00f3\u0142praca w zakresie realizacji praktyk zawodowych, organizacji wizyt studyjnych, konferencji oraz przedsi\u0119wzi\u0119\u0107 edukacyjnych, udzia\u0142 przedstawiciela w pracach RI IH.<\/span><\/li>\n<li><span style=\"font-size: 12pt\"><a href=\"http:\/\/instytutzaglebiadabrowskiego.pl\/\"><strong>Instytut Zag\u0142\u0119bia D\u0105browskiego w Sosnowcu<\/strong> <\/a>\u2013 wsp\u00f3\u0142praca w zakresie realizacji przedsi\u0119wzi\u0119\u0107 edukacyjnych.<\/span><\/li>\n<li><span style=\"font-size: 12pt\"><a href=\"https:\/\/www.mhk.katowice.pl\/\"><strong>Muzeum Historii Katowic<\/strong> <\/a>\u2013 wsp\u00f3\u0142praca w zakresie realizacji praktyk zawodowych, organizacji wizyt studyjnych, konferencji oraz przedsi\u0119wzi\u0119\u0107 edukacyjnych, udzia\u0142 w prowadzeniu zaj\u0119\u0107.<\/span><\/li>\n<li><span style=\"font-size: 12pt\"><a href=\"https:\/\/www.muzeumpowstanslaskich.pl\/\"><strong>Muzeum Powsta\u0144 \u015al\u0105skich w \u015awi\u0119toch\u0142owicach<\/strong><\/a> \u2013 wsp\u00f3\u0142praca w zakresie realizacji praktyk zawodowych, organizacji wizyt studyjnych, konferencji oraz przedsi\u0119wzi\u0119\u0107 edukacyjnych (m.in. \u201eKlas\u00f3wki Powsta\u0144czej\u201d), wsp\u00f3\u0142praca przy wydawaniu rocznika \u201e\u015al\u0105ski Almanach Powsta\u0144czy\u201d, udzia\u0142 przedstawiciela w pracach RI IH.<\/span><\/li>\n<li><span style=\"font-size: 12pt\"><a href=\"https:\/\/muzeumslaskie.pl\/pl\/\"><strong>Muzeum \u015al\u0105skie w Katowicach<\/strong> <\/a>\u2013 wsp\u00f3\u0142praca w zakresie realizacji praktyk zawodowych, organizacji wizyt studyjnych, konferencji oraz przedsi\u0119wzi\u0119\u0107 edukacyjnych.<\/span><\/li>\n<li><span style=\"font-size: 12pt\"><a href=\"https:\/\/www.muzeum.rybnik.pl\/\"><strong>Muzeum w Rybniku<\/strong><\/a> \u2013 wsp\u00f3\u0142praca w zakresie realizacji praktyk zawodowych, organizacji konferencji oraz bada\u0144 naukowych (m.in. monografii Rybnika), udzia\u0142 przedstawiciela w pracach RI IH.<\/span><\/li>\n<li><span style=\"font-size: 12pt\"><a href=\"http:\/\/muzeum-zamek.pl\/\"><strong>Muzeum Zamek w O\u015bwi\u0119cimiu<\/strong> <\/a>\u2013 wsp\u00f3\u0142praca w zakresie realizacji praktyk zawodowych, organizacji konferencji oraz bada\u0144 naukowych (m.in. monografii O\u015bwi\u0119cimia), udzia\u0142 przedstawiciela w pracach RI IH.<\/span><\/li>\n<li><span style=\"font-size: 12pt\"><a href=\"https:\/\/scwis.pl\/\"><strong>\u015al\u0105skie Centrum Wolno\u015bci i Solidarno\u015bci<\/strong><\/a> \u2013 wsp\u00f3\u0142praca w zakresie realizacji praktyk zawodowych, organizacji wizyt studyjnych, konferencji oraz przedsi\u0119wzi\u0119\u0107 edukacyjnych, udzia\u0142 w prowadzeniu zaj\u0119\u0107.<\/span><\/li>\n<\/ul>\n<p>\n<\/div>\r\n                    <\/div>\r\n                <\/div>[\/vc_column][\/vc_row]<\/p>","protected":false},"excerpt":{"rendered":"<p>[vc_row][vc_column][\/vc_column][\/vc_row] [&#8230;]<\/p>\n<p><a class=\"btn btn-secondary understrap-read-more-link\" href=\"https:\/\/us.edu.pl\/instytut\/ih\/wspolpraca\/instytucje-kultury\/\">Read More&#8230;<\/a><\/p>\n","protected":false},"author":32,"featured_media":0,"parent":198,"menu_order":5,"comment_status":"closed","ping_status":"closed","template":"","meta":{"_expiration-date-status":"saved","_expiration-date":0,"_expiration-date-type":"","_expiration-date-categories":[],"_expiration-date-options":[]},"acf":[],"_links":{"self":[{"href":"https:\/\/us.edu.pl\/instytut\/ih\/wp-json\/wp\/v2\/pages\/274"}],"collection":[{"href":"https:\/\/us.edu.pl\/instytut\/ih\/wp-json\/wp\/v2\/pages"}],"about":[{"href":"https:\/\/us.edu.pl\/instytut\/ih\/wp-json\/wp\/v2\/types\/page"}],"author":[{"embeddable":true,"href":"https:\/\/us.edu.pl\/instytut\/ih\/wp-json\/wp\/v2\/users\/32"}],"replies":[{"embeddable":true,"href":"https:\/\/us.edu.pl\/instytut\/ih\/wp-json\/wp\/v2\/comments?post=274"}],"version-history":[{"count":2,"href":"https:\/\/us.edu.pl\/instytut\/ih\/wp-json\/wp\/v2\/pages\/274\/revisions"}],"predecessor-version":[{"id":277,"href":"https:\/\/us.edu.pl\/instytut\/ih\/wp-json\/wp\/v2\/pages\/274\/revisions\/277"}],"up":[{"embeddable":true,"href":"https:\/\/us.edu.pl\/instytut\/ih\/wp-json\/wp\/v2\/pages\/198"}],"wp:attachment":[{"href":"https:\/\/us.edu.pl\/instytut\/ih\/wp-json\/wp\/v2\/media?parent=274"}],"curies":[{"name":"wp","href":"https:\/\/api.w.org\/{rel}","templated":true}]}}