{"id":278,"date":"2020-01-17T13:07:55","date_gmt":"2020-01-17T12:07:55","guid":{"rendered":"http:\/\/us.edu.pl\/instytut\/ih\/?page_id=278"},"modified":"2020-01-17T13:21:43","modified_gmt":"2020-01-17T12:21:43","slug":"instytucje-oswiatowe","status":"publish","type":"page","link":"https:\/\/us.edu.pl\/instytut\/ih\/wspolpraca\/instytucje-oswiatowe\/","title":{"rendered":"Instytucje o\u015bwiatowe"},"content":{"rendered":"<p>[vc_row][vc_column]\r\n                <div class=\"text-modules\">\r\n                    <div class=\"container\">\r\n                        <h3 class=\"page-title text__title\">Instytucje o\u015bwiatowe wsp\u00f3\u0142pracuj\u0105ce z Instytutem Historii<\/h3>\r\n                        <div class=\"text-modules__content\"><\/p>\n<p style=\"text-align: center\"><strong><span style=\"font-size: 14pt\">Szko\u0142y wsp\u00f3\u0142pracuj\u0105ce z IH<\/span><\/strong><\/p>\n<p><span style=\"font-size: 12pt\">Instytut Historii Uniwersytetu \u015al\u0105skiego w Katowicach nawi\u0105za\u0142 i prowadzi wsp\u00f3\u0142prac\u0119 z poni\u017cszymi plac\u00f3wkami edukacyjnymi:<\/span><\/p>\n<ul>\n<li><span style=\"font-size: 12pt\">I Liceum Og\u00f3lnokszta\u0142c\u0105ce im. Jana \u015aniadeckiego w Siemianowicach \u015al\u0105skich.<\/span><\/li>\n<li><span style=\"font-size: 12pt\">I Liceum Og\u00f3lnokszta\u0142c\u0105ce im. Karola Miarki w Miko\u0142owie.<\/span><\/li>\n<li><span style=\"font-size: 12pt\">I Liceum Og\u00f3lnokszta\u0142c\u0105ce im. 14 Pu\u0142ku Powsta\u0144c\u00f3w \u015al\u0105skich w Wodzis\u0142awiu \u015al\u0105skim.<\/span><\/li>\n<li><span style=\"font-size: 12pt\">I Liceum Og\u00f3lnokszta\u0142c\u0105ce im. Waleriana \u0141ukasi\u0144skiego w D\u0105browie G\u00f3rniczej.<\/span><\/li>\n<li><span style=\"font-size: 12pt\">I Liceum Og\u00f3lnokszta\u0142c\u0105ce im. Antoniego Osuchowskiego w Cieszynie.<\/span><\/li>\n<li><span style=\"font-size: 12pt\">II Liceum Og\u00f3lnokszta\u0142c\u0105ce im. Stanis\u0142awa Wyspia\u0144skiego w B\u0119dzinie.<\/span><\/li>\n<li><span style=\"font-size: 12pt\">II Liceum Og\u00f3lnokszta\u0142c\u0105ce im. Krzysztofa Kamila Baczy\u0144skiego w Chrzanowie.<\/span><\/li>\n<li><span style=\"font-size: 12pt\">II Liceum Og\u00f3lnokszta\u0142c\u0105ce im. Cypriana Kamila Norwida w Tychach.<\/span><\/li>\n<li><span style=\"font-size: 12pt\">III Liceum Og\u00f3lnokszta\u0142c\u0105ce im. Adama Mickiewicza w Katowicach.<\/span><\/li>\n<li><span style=\"font-size: 12pt\">IV Liceum Og\u00f3lnokszta\u0142c\u0105ce im. Gen. Stanis\u0142awa Maczka w Katowicach<\/span><\/li>\n<li><span style=\"font-size: 12pt\">V Liceum Og\u00f3lnokszta\u0142c\u0105ce z Oddzia\u0142ami Dwuj\u0119zycznymi im. Kanclerza Jana Zamoyskiego w D\u0105browie G\u00f3rniczej.<\/span><\/li>\n<li><span style=\"font-size: 12pt\">VII Liceum Og\u00f3lnokszta\u0142c\u0105ce im. Harcerzy Obro\u0144c\u00f3w Katowic w Katowicach.<\/span><\/li>\n<li><span style=\"font-size: 12pt\">Akademicki Zesp\u00f3\u0142 Szk\u00f3\u0142 Og\u00f3lnokszta\u0142c\u0105cych w Chorzowie.<\/span><\/li>\n<li><span style=\"font-size: 12pt\">Zesp\u00f3\u0142 Szk\u00f3\u0142 Og\u00f3lnokszta\u0142c\u0105cych nr 5 w Gliwicach.<\/span><\/li>\n<li><span style=\"font-size: 12pt\">Zesp\u00f3\u0142 Szk\u00f3\u0142 Og\u00f3lnokszta\u0142c\u0105cych z Oddzia\u0142ami Dwuj\u0119zycznymi nr 11 w Zabrzu.<\/span><\/li>\n<\/ul>\n<h2 style=\"text-align: center\"><span style=\"font-size: 14pt\"><strong>Uczelnie partnerskie<\/strong><\/span><\/h2>\n<ul>\n<li><span style=\"font-size: 12pt\">Univerzita Mateja Bela, S\u0142owacja<\/span><\/li>\n<li><span style=\"font-size: 12pt\">Universit\u00e4t Regensburg, Niemcy<\/span><\/li>\n<li><span style=\"font-size: 12pt\">Ruhr-Universit\u00e4t Bochum, Niemcy<\/span><\/li>\n<li><span style=\"font-size: 12pt\">Universitat De Valencia, Hiszpania<\/span><\/li>\n<li><span style=\"font-size: 12pt\">Haskoli Islands, Islandia<\/span><\/li>\n<li><span style=\"font-size: 12pt\">University of Oslo, Norwegia<\/span><\/li>\n<li><span style=\"font-size: 12pt\">Universite Jean Monnet, Francja<\/span><\/li>\n<li><span style=\"font-size: 12pt\">University of Ostrava, Czechy<\/span><\/li>\n<\/ul>\n<p>\n<\/div>\r\n                    <\/div>\r\n                <\/div>[\/vc_column][\/vc_row]<\/p>","protected":false},"excerpt":{"rendered":"<p>[vc_row][vc_column][\/vc_column][\/vc_row] [&#8230;]<\/p>\n<p><a class=\"btn btn-secondary understrap-read-more-link\" href=\"https:\/\/us.edu.pl\/instytut\/ih\/wspolpraca\/instytucje-oswiatowe\/\">Read More&#8230;<\/a><\/p>\n","protected":false},"author":32,"featured_media":0,"parent":198,"menu_order":4,"comment_status":"closed","ping_status":"closed","template":"","meta":{"_expiration-date-status":"saved","_expiration-date":0,"_expiration-date-type":"","_expiration-date-categories":[],"_expiration-date-options":[]},"acf":[],"_links":{"self":[{"href":"https:\/\/us.edu.pl\/instytut\/ih\/wp-json\/wp\/v2\/pages\/278"}],"collection":[{"href":"https:\/\/us.edu.pl\/instytut\/ih\/wp-json\/wp\/v2\/pages"}],"about":[{"href":"https:\/\/us.edu.pl\/instytut\/ih\/wp-json\/wp\/v2\/types\/page"}],"author":[{"embeddable":true,"href":"https:\/\/us.edu.pl\/instytut\/ih\/wp-json\/wp\/v2\/users\/32"}],"replies":[{"embeddable":true,"href":"https:\/\/us.edu.pl\/instytut\/ih\/wp-json\/wp\/v2\/comments?post=278"}],"version-history":[{"count":3,"href":"https:\/\/us.edu.pl\/instytut\/ih\/wp-json\/wp\/v2\/pages\/278\/revisions"}],"predecessor-version":[{"id":281,"href":"https:\/\/us.edu.pl\/instytut\/ih\/wp-json\/wp\/v2\/pages\/278\/revisions\/281"}],"up":[{"embeddable":true,"href":"https:\/\/us.edu.pl\/instytut\/ih\/wp-json\/wp\/v2\/pages\/198"}],"wp:attachment":[{"href":"https:\/\/us.edu.pl\/instytut\/ih\/wp-json\/wp\/v2\/media?parent=278"}],"curies":[{"name":"wp","href":"https:\/\/api.w.org\/{rel}","templated":true}]}}