{"id":285,"date":"2020-01-17T14:39:48","date_gmt":"2020-01-17T13:39:48","guid":{"rendered":"http:\/\/us.edu.pl\/instytut\/ih\/?page_id=285"},"modified":"2024-01-28T15:27:44","modified_gmt":"2024-01-28T14:27:44","slug":"zespol-badan-nad-imperium-grecko-rzymskim","status":"publish","type":"page","link":"https:\/\/us.edu.pl\/instytut\/ih\/o-instytucie\/zespoly-badawcze\/zespol-badan-nad-imperium-grecko-rzymskim\/","title":{"rendered":"Zesp\u00f3\u0142 bada\u0144 nad imperium grecko-rzymskim"},"content":{"rendered":"<p>[vc_row][vc_column]\r\n                <div class=\"text-modules\">\r\n                    <div class=\"container\">\r\n                        <h3 class=\"page-title text__title\">Zesp\u00f3\u0142 bada\u0144 nad imperium grecko-rzymskim<\/h3>\r\n                        <div class=\"text-modules__content\"><p><strong><span style=\"font-size: 14pt;\">Temat badawczy: <\/span><span style=\"font-size: 14pt;\">Literackie i pozaliterackie formy kreacji obrazu dziej\u00f3w imperium grecko-rzymskiego<\/span><\/strong><\/p>\n<p><strong>\u00a0<\/strong><\/p>\n<p><strong>Lider zespo\u0142u: <\/strong><\/p>\n<p>Prof. dr hab. Agata Aleksandra Kluczek<\/p>\n<p>&nbsp;<\/p>\n<p>Cz\u0142onkowie:<\/p>\n<p>dr Agnieszka Bartnik<\/p>\n<p>dr Micha\u0142 Norbert Faszcza<\/p>\n<p>&nbsp;<\/p>\n<p>Doktoranci:<\/p>\n<p>mgr Anna Anzorge-Potrzebowska<\/p>\n<p>mgr Marek Jurkowski<\/p>\n<\/div>\r\n                    <\/div>\r\n                <\/div>[\/vc_column][\/vc_row]<\/p>","protected":false},"excerpt":{"rendered":"<p>[vc_row][vc_column][\/vc_column][\/vc_row] [&#8230;]<\/p>\n<p><a class=\"btn btn-secondary understrap-read-more-link\" href=\"https:\/\/us.edu.pl\/instytut\/ih\/o-instytucie\/zespoly-badawcze\/zespol-badan-nad-imperium-grecko-rzymskim\/\">Read More&#8230;<\/a><\/p>\n","protected":false},"author":32,"featured_media":0,"parent":284,"menu_order":0,"comment_status":"closed","ping_status":"closed","template":"","meta":{"_expiration-date-status":"saved","_expiration-date":0,"_expiration-date-type":"","_expiration-date-categories":[],"_expiration-date-options":[]},"acf":[],"_links":{"self":[{"href":"https:\/\/us.edu.pl\/instytut\/ih\/wp-json\/wp\/v2\/pages\/285"}],"collection":[{"href":"https:\/\/us.edu.pl\/instytut\/ih\/wp-json\/wp\/v2\/pages"}],"about":[{"href":"https:\/\/us.edu.pl\/instytut\/ih\/wp-json\/wp\/v2\/types\/page"}],"author":[{"embeddable":true,"href":"https:\/\/us.edu.pl\/instytut\/ih\/wp-json\/wp\/v2\/users\/32"}],"replies":[{"embeddable":true,"href":"https:\/\/us.edu.pl\/instytut\/ih\/wp-json\/wp\/v2\/comments?post=285"}],"version-history":[{"count":10,"href":"https:\/\/us.edu.pl\/instytut\/ih\/wp-json\/wp\/v2\/pages\/285\/revisions"}],"predecessor-version":[{"id":2858,"href":"https:\/\/us.edu.pl\/instytut\/ih\/wp-json\/wp\/v2\/pages\/285\/revisions\/2858"}],"up":[{"embeddable":true,"href":"https:\/\/us.edu.pl\/instytut\/ih\/wp-json\/wp\/v2\/pages\/284"}],"wp:attachment":[{"href":"https:\/\/us.edu.pl\/instytut\/ih\/wp-json\/wp\/v2\/media?parent=285"}],"curies":[{"name":"wp","href":"https:\/\/api.w.org\/{rel}","templated":true}]}}