{"id":291,"date":"2020-01-17T15:56:30","date_gmt":"2020-01-17T14:56:30","guid":{"rendered":"http:\/\/us.edu.pl\/instytut\/ih\/?page_id=291"},"modified":"2024-01-28T15:50:15","modified_gmt":"2024-01-28T14:50:15","slug":"zespol-badawczy-historii-sredniowiecznej-i-nauk-pomocniczych-historii","status":"publish","type":"page","link":"https:\/\/us.edu.pl\/instytut\/ih\/o-instytucie\/zespoly-badawcze\/zespol-badawczy-historii-sredniowiecznej-i-nauk-pomocniczych-historii\/","title":{"rendered":"Zesp\u00f3\u0142 bada\u0144 nad dziejami Polski i Europy w \u015bredniowieczu i naukami  pomocniczymi historii"},"content":{"rendered":"<p>[vc_row][vc_column]\r\n                <div class=\"text-modules\">\r\n                    <div class=\"container\">\r\n                        <h3 class=\"page-title text__title\">Zesp\u00f3\u0142 bada\u0144 nad dziejami Polski i Europy w \u015bredniowieczu i naukami pomocniczymi historii<\/h3>\r\n                        <div class=\"text-modules__content\"><p><span style=\"font-size: 14pt;\"><strong>Temat badawczy: Kluczowe problemy z dziej\u00f3w politycznych, spo\u0142ecznych, gospodarczych i<br \/>\nkulturowych Polski i Europy w wiekach \u015brednich i wczesnym okresie nowo\u017cytnym<\/strong><\/span><\/p>\n<p><strong><span style=\"font-size: 14pt;\"><span style=\"font-size: 12pt;\">Lider zespo\u0142u: <\/span><\/span><\/strong><span style=\"font-size: 14pt;\"><span style=\"font-size: 12pt;\">Prof. dr hab. Jerzy Sperka<\/span><\/span><\/p>\n<p><strong><span style=\"font-size: 12pt;\">Cz\u0142onkowie:\u00a0<\/span><\/strong><\/p>\n<ul>\n<li><span style=\"font-size: 12pt;\">Prof. dr hab. Piotr Boro\u0144<\/span><\/li>\n<li><span style=\"font-size: 12pt;\">dr hab. Bo\u017cena Czwojdrak prof. U\u015a, <\/span><\/li>\n<li><span style=\"font-size: 12pt;\">dr hab. Jakub Morawiec prof. U\u015a, <\/span><\/li>\n<li><span style=\"font-size: 12pt;\">dr Tomasz Ka\u0142uski, <\/span><\/li>\n<li><span style=\"font-size: 12pt;\">dr Karol Nabia\u0142ek, <\/span><\/li>\n<li><span style=\"font-size: 12pt;\">dr Katarzyna Niemczyk, <\/span><\/li>\n<li><span style=\"font-size: 12pt;\">dr Iwona Pietrzyk, <\/span><\/li>\n<li><span style=\"font-size: 12pt;\">dr Maciej Wo\u017any,<\/span><\/li>\n<li><span style=\"font-size: 12pt;\">dr Grzegorz Bartusik<\/span><\/li>\n<li><span style=\"font-size: 12pt;\">mgr Micha\u0142 Hankus<\/span><\/li>\n<\/ul>\n<p>\n<\/div>\r\n                    <\/div>\r\n                <\/div>[\/vc_column][\/vc_row]<\/p>","protected":false},"excerpt":{"rendered":"<p>[vc_row][vc_column][\/vc_column][\/vc_row] [&#8230;]<\/p>\n<p><a class=\"btn btn-secondary understrap-read-more-link\" href=\"https:\/\/us.edu.pl\/instytut\/ih\/o-instytucie\/zespoly-badawcze\/zespol-badawczy-historii-sredniowiecznej-i-nauk-pomocniczych-historii\/\">Read More&#8230;<\/a><\/p>\n","protected":false},"author":32,"featured_media":0,"parent":284,"menu_order":0,"comment_status":"closed","ping_status":"closed","template":"","meta":{"_expiration-date-status":"saved","_expiration-date":0,"_expiration-date-type":"","_expiration-date-categories":[],"_expiration-date-options":[]},"acf":[],"_links":{"self":[{"href":"https:\/\/us.edu.pl\/instytut\/ih\/wp-json\/wp\/v2\/pages\/291"}],"collection":[{"href":"https:\/\/us.edu.pl\/instytut\/ih\/wp-json\/wp\/v2\/pages"}],"about":[{"href":"https:\/\/us.edu.pl\/instytut\/ih\/wp-json\/wp\/v2\/types\/page"}],"author":[{"embeddable":true,"href":"https:\/\/us.edu.pl\/instytut\/ih\/wp-json\/wp\/v2\/users\/32"}],"replies":[{"embeddable":true,"href":"https:\/\/us.edu.pl\/instytut\/ih\/wp-json\/wp\/v2\/comments?post=291"}],"version-history":[{"count":7,"href":"https:\/\/us.edu.pl\/instytut\/ih\/wp-json\/wp\/v2\/pages\/291\/revisions"}],"predecessor-version":[{"id":2869,"href":"https:\/\/us.edu.pl\/instytut\/ih\/wp-json\/wp\/v2\/pages\/291\/revisions\/2869"}],"up":[{"embeddable":true,"href":"https:\/\/us.edu.pl\/instytut\/ih\/wp-json\/wp\/v2\/pages\/284"}],"wp:attachment":[{"href":"https:\/\/us.edu.pl\/instytut\/ih\/wp-json\/wp\/v2\/media?parent=291"}],"curies":[{"name":"wp","href":"https:\/\/api.w.org\/{rel}","templated":true}]}}