{"id":293,"date":"2020-01-17T15:59:56","date_gmt":"2020-01-17T14:59:56","guid":{"rendered":"http:\/\/us.edu.pl\/instytut\/ih\/?page_id=293"},"modified":"2024-06-07T16:17:14","modified_gmt":"2024-06-07T14:17:14","slug":"zespol-badawczy-historii-nowozytnej-xvi-xviii-wieku","status":"publish","type":"page","link":"https:\/\/us.edu.pl\/instytut\/ih\/o-instytucie\/zespoly-badawcze\/zespol-badawczy-historii-nowozytnej-xvi-xviii-wieku\/","title":{"rendered":"Zesp\u00f3\u0142 do bada\u0144 na dziejami Europy i Rzeczypospolitej w dobie nowo\u017cytnej XVI-XVIII w."},"content":{"rendered":"<p>[vc_row][vc_column]\r\n                <div class=\"text-modules\">\r\n                    <div class=\"container\">\r\n                        <h3 class=\"page-title text__title\">Zesp\u00f3\u0142 do bada\u0144 na dziejami Europy i Rzeczypospolitej w dobie nowo\u017cytnej XVI-XVIII w.<\/h3>\r\n                        <div class=\"text-modules__content\"><p><span style=\"font-size: 14pt;\"><strong>Temat badawczy: Rzeczpospolita, Europa i \u015bwiat \u2013 interakcje dyplomatyczne i dworskie w epoce<br \/>\nnowo\u017cytnej (XVI-XVIII w.)<\/strong><\/span><\/p>\n<p><span style=\"font-size: 12pt;\"><strong>Lider zespo\u0142u:<\/strong> prof. dr hab. Aleksandra Skrzypietz<\/span><\/p>\n<p><span style=\"font-size: 12pt;\"><strong>Cz\u0142onkowie:\u00a0<\/strong><\/span><\/p>\n<ul>\n<li><span style=\"font-size: 12pt;\">prof. dr hab. Dariusz Rolnik, <\/span><\/li>\n<li><span style=\"font-size: 12pt;\">dr Aleksandra Barwicka-Makula, <\/span><\/li>\n<li><span style=\"font-size: 12pt;\">dr Pawe\u0142 Duda, <\/span><\/li>\n<li><span style=\"font-size: 12pt;\">dr Dorota Gregorowicz, <\/span><\/li>\n<li><span style=\"font-size: 12pt;\">mgr Marta Szyma\u0144ska<\/span><\/li>\n<\/ul>\n<p>\n<\/div>\r\n                    <\/div>\r\n                <\/div>[\/vc_column][\/vc_row]<\/p>","protected":false},"excerpt":{"rendered":"<p>[vc_row][vc_column][\/vc_column][\/vc_row] [&#8230;]<\/p>\n<p><a class=\"btn btn-secondary understrap-read-more-link\" href=\"https:\/\/us.edu.pl\/instytut\/ih\/o-instytucie\/zespoly-badawcze\/zespol-badawczy-historii-nowozytnej-xvi-xviii-wieku\/\">Read More&#8230;<\/a><\/p>\n","protected":false},"author":32,"featured_media":0,"parent":284,"menu_order":0,"comment_status":"closed","ping_status":"closed","template":"","meta":{"_expiration-date-status":"saved","_expiration-date":0,"_expiration-date-type":"","_expiration-date-categories":[],"_expiration-date-options":[]},"acf":[],"_links":{"self":[{"href":"https:\/\/us.edu.pl\/instytut\/ih\/wp-json\/wp\/v2\/pages\/293"}],"collection":[{"href":"https:\/\/us.edu.pl\/instytut\/ih\/wp-json\/wp\/v2\/pages"}],"about":[{"href":"https:\/\/us.edu.pl\/instytut\/ih\/wp-json\/wp\/v2\/types\/page"}],"author":[{"embeddable":true,"href":"https:\/\/us.edu.pl\/instytut\/ih\/wp-json\/wp\/v2\/users\/32"}],"replies":[{"embeddable":true,"href":"https:\/\/us.edu.pl\/instytut\/ih\/wp-json\/wp\/v2\/comments?post=293"}],"version-history":[{"count":8,"href":"https:\/\/us.edu.pl\/instytut\/ih\/wp-json\/wp\/v2\/pages\/293\/revisions"}],"predecessor-version":[{"id":3182,"href":"https:\/\/us.edu.pl\/instytut\/ih\/wp-json\/wp\/v2\/pages\/293\/revisions\/3182"}],"up":[{"embeddable":true,"href":"https:\/\/us.edu.pl\/instytut\/ih\/wp-json\/wp\/v2\/pages\/284"}],"wp:attachment":[{"href":"https:\/\/us.edu.pl\/instytut\/ih\/wp-json\/wp\/v2\/media?parent=293"}],"curies":[{"name":"wp","href":"https:\/\/api.w.org\/{rel}","templated":true}]}}