{"id":297,"date":"2020-01-17T16:17:18","date_gmt":"2020-01-17T15:17:18","guid":{"rendered":"http:\/\/us.edu.pl\/instytut\/ih\/?page_id=297"},"modified":"2024-01-28T15:35:13","modified_gmt":"2024-01-28T14:35:13","slug":"zespol-badawczy-historii-najnowszej-1918-1945","status":"publish","type":"page","link":"https:\/\/us.edu.pl\/instytut\/ih\/o-instytucie\/zespoly-badawcze\/zespol-badawczy-historii-najnowszej-1918-1945\/","title":{"rendered":"Zesp\u00f3\u0142 do bada\u0144 dziej\u00f3w Polski i Europy I po\u0142owy XX w."},"content":{"rendered":"<p>[vc_row][vc_column]\r\n                <div class=\"text-modules\">\r\n                    <div class=\"container\">\r\n                        <h3 class=\"page-title text__title\">Zesp\u00f3\u0142 do bada\u0144 dziej\u00f3w Polski i Europy I po\u0142owy XX w.<\/h3>\r\n                        <div class=\"text-modules__content\"><p><span style=\"font-size: 14pt;\"><strong>Temat badawczy: Spo\u0142eczne, polityczne i ustrojowe przeobra\u017cenia ziem polskich w pierwszej po\u0142owie XX wieku<\/strong><\/span><\/p>\n<p><strong><span style=\"font-size: 12pt;\">Lider zespo\u0142u: <\/span><\/strong><span style=\"font-size: 12pt;\">dr hab. Lech Krzy\u017canowski, <\/span><span style=\"font-size: 12pt;\">prof. U\u015a<\/span><\/p>\n<p><span style=\"font-size: 12pt;\"><strong>Cz\u0142onkowie:<\/strong><\/span><\/p>\n<ul>\n<li><span style=\"font-size: 12pt;\">dr hab. Jaros\u0142aw Tomasiewicz prof. U\u015a,<\/span><\/li>\n<li><span style=\"font-size: 12pt;\">dr hab. Mi\u0142osz Skrzypek prof. U\u015a,<\/span><\/li>\n<li><span style=\"font-size: 12pt;\">dr Marcela Gruszczyk<\/span><\/li>\n<li><span style=\"font-size: 12pt;\">mgr Kamil Ko\u0142odziej<\/span><\/li>\n<\/ul>\n<p>\n<\/div>\r\n                    <\/div>\r\n                <\/div>[\/vc_column][\/vc_row]<\/p>","protected":false},"excerpt":{"rendered":"<p>[vc_row][vc_column][\/vc_column][\/vc_row] [&#8230;]<\/p>\n<p><a class=\"btn btn-secondary understrap-read-more-link\" href=\"https:\/\/us.edu.pl\/instytut\/ih\/o-instytucie\/zespoly-badawcze\/zespol-badawczy-historii-najnowszej-1918-1945\/\">Read More&#8230;<\/a><\/p>\n","protected":false},"author":32,"featured_media":0,"parent":284,"menu_order":0,"comment_status":"closed","ping_status":"closed","template":"","meta":{"_expiration-date-status":"saved","_expiration-date":0,"_expiration-date-type":"","_expiration-date-categories":[],"_expiration-date-options":[]},"acf":[],"_links":{"self":[{"href":"https:\/\/us.edu.pl\/instytut\/ih\/wp-json\/wp\/v2\/pages\/297"}],"collection":[{"href":"https:\/\/us.edu.pl\/instytut\/ih\/wp-json\/wp\/v2\/pages"}],"about":[{"href":"https:\/\/us.edu.pl\/instytut\/ih\/wp-json\/wp\/v2\/types\/page"}],"author":[{"embeddable":true,"href":"https:\/\/us.edu.pl\/instytut\/ih\/wp-json\/wp\/v2\/users\/32"}],"replies":[{"embeddable":true,"href":"https:\/\/us.edu.pl\/instytut\/ih\/wp-json\/wp\/v2\/comments?post=297"}],"version-history":[{"count":3,"href":"https:\/\/us.edu.pl\/instytut\/ih\/wp-json\/wp\/v2\/pages\/297\/revisions"}],"predecessor-version":[{"id":2862,"href":"https:\/\/us.edu.pl\/instytut\/ih\/wp-json\/wp\/v2\/pages\/297\/revisions\/2862"}],"up":[{"embeddable":true,"href":"https:\/\/us.edu.pl\/instytut\/ih\/wp-json\/wp\/v2\/pages\/284"}],"wp:attachment":[{"href":"https:\/\/us.edu.pl\/instytut\/ih\/wp-json\/wp\/v2\/media?parent=297"}],"curies":[{"name":"wp","href":"https:\/\/api.w.org\/{rel}","templated":true}]}}