{"id":301,"date":"2020-01-17T16:27:46","date_gmt":"2020-01-17T15:27:46","guid":{"rendered":"http:\/\/us.edu.pl\/instytut\/ih\/?page_id=301"},"modified":"2024-01-28T15:38:41","modified_gmt":"2024-01-28T14:38:41","slug":"zespol-badawczy-archiwistyki-i-historii-slaska","status":"publish","type":"page","link":"https:\/\/us.edu.pl\/instytut\/ih\/o-instytucie\/zespoly-badawcze\/zespol-badawczy-archiwistyki-i-historii-slaska\/","title":{"rendered":"Zesp\u00f3\u0142 do bada\u0144 nad dokumentacj\u0105 archiwaln\u0105 i archiwami"},"content":{"rendered":"<p>[vc_row][vc_column]\r\n                <div class=\"text-modules\">\r\n                    <div class=\"container\">\r\n                        <h3 class=\"page-title text__title\">Zesp\u00f3\u0142 do bada\u0144 nad dokumentacj\u0105 archiwaln\u0105 i archiwami<\/h3>\r\n                        <div class=\"text-modules__content\"><p><strong><span style=\"font-size: 14pt;\">Temat badawczy: Archiwa i archiwalia na \u015al\u0105sku<\/span><\/strong><\/p>\n<p><span style=\"font-size: 12pt;\"><strong>Lider zespo\u0142u:<\/strong> Dr hab. Wac\u0142aw Gojniczek prof. U\u015a<\/span><\/p>\n<p><span style=\"font-size: 12pt;\"><strong>Cz\u0142onkowie:<\/strong><\/span><\/p>\n<ul>\n<li><span style=\"font-size: 12pt;\">dr Barbara Kalinowska-W\u00f3jcik<\/span><\/li>\n<\/ul>\n<p>\n<\/div>\r\n                    <\/div>\r\n                <\/div>[\/vc_column][\/vc_row]<\/p>","protected":false},"excerpt":{"rendered":"<p>[vc_row][vc_column][\/vc_column][\/vc_row] [&#8230;]<\/p>\n<p><a class=\"btn btn-secondary understrap-read-more-link\" href=\"https:\/\/us.edu.pl\/instytut\/ih\/o-instytucie\/zespoly-badawcze\/zespol-badawczy-archiwistyki-i-historii-slaska\/\">Read More&#8230;<\/a><\/p>\n","protected":false},"author":32,"featured_media":0,"parent":284,"menu_order":0,"comment_status":"closed","ping_status":"closed","template":"","meta":{"_expiration-date-status":"saved","_expiration-date":0,"_expiration-date-type":"","_expiration-date-categories":[],"_expiration-date-options":[]},"acf":[],"_links":{"self":[{"href":"https:\/\/us.edu.pl\/instytut\/ih\/wp-json\/wp\/v2\/pages\/301"}],"collection":[{"href":"https:\/\/us.edu.pl\/instytut\/ih\/wp-json\/wp\/v2\/pages"}],"about":[{"href":"https:\/\/us.edu.pl\/instytut\/ih\/wp-json\/wp\/v2\/types\/page"}],"author":[{"embeddable":true,"href":"https:\/\/us.edu.pl\/instytut\/ih\/wp-json\/wp\/v2\/users\/32"}],"replies":[{"embeddable":true,"href":"https:\/\/us.edu.pl\/instytut\/ih\/wp-json\/wp\/v2\/comments?post=301"}],"version-history":[{"count":4,"href":"https:\/\/us.edu.pl\/instytut\/ih\/wp-json\/wp\/v2\/pages\/301\/revisions"}],"predecessor-version":[{"id":2864,"href":"https:\/\/us.edu.pl\/instytut\/ih\/wp-json\/wp\/v2\/pages\/301\/revisions\/2864"}],"up":[{"embeddable":true,"href":"https:\/\/us.edu.pl\/instytut\/ih\/wp-json\/wp\/v2\/pages\/284"}],"wp:attachment":[{"href":"https:\/\/us.edu.pl\/instytut\/ih\/wp-json\/wp\/v2\/media?parent=301"}],"curies":[{"name":"wp","href":"https:\/\/api.w.org\/{rel}","templated":true}]}}