{"id":674,"date":"2020-11-09T21:28:29","date_gmt":"2020-11-09T20:28:29","guid":{"rendered":"https:\/\/us.edu.pl\/instytut\/ih\/?page_id=674"},"modified":"2024-01-28T15:53:59","modified_gmt":"2024-01-28T14:53:59","slug":"zmiany-w-srodowisku-naturalnym-w-gornoslaskim-okregu-przemyslowym-w-xix-xx-wieku-na-tle-porownawczym-przygotowanie-wniosku-do-horyzont-europa-2021","status":"publish","type":"page","link":"https:\/\/us.edu.pl\/instytut\/ih\/o-instytucie\/zespoly-badawcze\/zmiany-w-srodowisku-naturalnym-w-gornoslaskim-okregu-przemyslowym-w-xix-xx-wieku-na-tle-porownawczym-przygotowanie-wniosku-do-horyzont-europa-2021\/","title":{"rendered":"Zesp\u00f3\u0142 do bada\u0144 mad migracjami w XIX i XX w."},"content":{"rendered":"<p>[vc_row][vc_column]\r\n                <div class=\"text-modules\">\r\n                    <div class=\"container\">\r\n                        <h3 class=\"page-title text__title\">Zesp\u00f3\u0142 do bada\u0144 mad migracjami w XIX i XX w.<\/h3>\r\n                        <div class=\"text-modules__content\"><p><span style=\"font-size: 12pt;\"><strong>Temat badawczy: Migracje. Przesiedle\u0144cy z Polski do Niemiec 1950-1990<\/strong><\/span><\/p>\n<p><span style=\"font-size: 12pt;\"><strong>Lider zespo\u0142u: <\/strong>Prof. dr hab. Ryszard Kaczmarek\u00a0<\/span><\/p>\n<p><span style=\"font-size: 12pt;\"><strong>Cz\u0142onkowie:<\/strong><\/span><\/p>\n<ul>\n<li><span style=\"font-size: 12pt;\">mgr Beniamin Czapla<\/span><\/li>\n<li><span style=\"font-size: 12pt;\">mgr Marcin Wieloch<\/span><\/li>\n<\/ul>\n<p>\n<\/div>\r\n                    <\/div>\r\n                <\/div>[\/vc_column][\/vc_row]<\/p>","protected":false},"excerpt":{"rendered":"<p>[vc_row][vc_column][\/vc_column][\/vc_row] [&#8230;]<\/p>\n<p><a class=\"btn btn-secondary understrap-read-more-link\" href=\"https:\/\/us.edu.pl\/instytut\/ih\/o-instytucie\/zespoly-badawcze\/zmiany-w-srodowisku-naturalnym-w-gornoslaskim-okregu-przemyslowym-w-xix-xx-wieku-na-tle-porownawczym-przygotowanie-wniosku-do-horyzont-europa-2021\/\">Read More&#8230;<\/a><\/p>\n","protected":false},"author":2490,"featured_media":0,"parent":284,"menu_order":16,"comment_status":"closed","ping_status":"closed","template":"","meta":{"_expiration-date-status":"saved","_expiration-date":0,"_expiration-date-type":"","_expiration-date-categories":[],"_expiration-date-options":[]},"acf":[],"_links":{"self":[{"href":"https:\/\/us.edu.pl\/instytut\/ih\/wp-json\/wp\/v2\/pages\/674"}],"collection":[{"href":"https:\/\/us.edu.pl\/instytut\/ih\/wp-json\/wp\/v2\/pages"}],"about":[{"href":"https:\/\/us.edu.pl\/instytut\/ih\/wp-json\/wp\/v2\/types\/page"}],"author":[{"embeddable":true,"href":"https:\/\/us.edu.pl\/instytut\/ih\/wp-json\/wp\/v2\/users\/2490"}],"replies":[{"embeddable":true,"href":"https:\/\/us.edu.pl\/instytut\/ih\/wp-json\/wp\/v2\/comments?post=674"}],"version-history":[{"count":3,"href":"https:\/\/us.edu.pl\/instytut\/ih\/wp-json\/wp\/v2\/pages\/674\/revisions"}],"predecessor-version":[{"id":2872,"href":"https:\/\/us.edu.pl\/instytut\/ih\/wp-json\/wp\/v2\/pages\/674\/revisions\/2872"}],"up":[{"embeddable":true,"href":"https:\/\/us.edu.pl\/instytut\/ih\/wp-json\/wp\/v2\/pages\/284"}],"wp:attachment":[{"href":"https:\/\/us.edu.pl\/instytut\/ih\/wp-json\/wp\/v2\/media?parent=674"}],"curies":[{"name":"wp","href":"https:\/\/api.w.org\/{rel}","templated":true}]}}