{"id":22,"date":"2019-10-24T13:34:45","date_gmt":"2019-10-24T11:34:45","guid":{"rendered":"http:\/\/us.edu.pl\/instytut\/il\/?page_id=22"},"modified":"2023-10-19T10:38:34","modified_gmt":"2023-10-19T08:38:34","slug":"strona-glowna-ilit","status":"publish","type":"page","link":"https:\/\/us.edu.pl\/instytut\/il\/","title":{"rendered":"Strona g\u0142\u00f3wna ILit"},"content":{"rendered":"<p>[vc_row][vc_column]\n            <div data-autotime=\"5\" class=\"slider reverse color_white bg_\" >\n                  <div class=\"slide slide_css\">\n                     <div class=\"slide__content_container container\">\n                        <div class=\"slide__content\">\n                           <a href=\"https:\/\/us.edu.pl\/wydzial\/wh\/2019\/11\/08\/bezplatne-szkolenia-dla-studentow-i-pracownikow\/\" class=\"slide__link\">\n                              <div class=\"slide__title\">Szkolenia certyfikowane dla student\u00f3w i pracownik\u00f3w<\/div>\n                              <div class=\"slide__text\">Dwie edycje projektu pn. \u201eZintegrowany Program Rozwoju Uniwersytetu \u015al\u0105skiego w Katowicach\u201d zak\u0142adaj\u0105 mi\u0119dzy innymi wieloobszarowe wsparcie dla uczelni, w tym wsparcie student\u00f3w, kadry badawczo-dydaktycznej, kadry administracyjno-kierowniczej. <\/div>\n                           <\/a>\n                        <\/div>\n                     <\/div>\n                     <a href=\"https:\/\/us.edu.pl\/wydzial\/wh\/2019\/11\/08\/bezplatne-szkolenia-dla-studentow-i-pracownikow\/\" class=\"slide__img thumbnail\"\n                           style=\"background-image: url('https:\/\/us.edu.pl\/instytut\/il\/wp-content\/uploads\/sites\/27\/Nieprzypisane\/DSC7125.jpg')\">\n                           <span class=\"d-none\">Szkolenia certyfikowane dla student\u00f3w i pracownik\u00f3w Dwie edycje projektu pn. \u201eZintegrowany Program Rozwoju Uniwersytetu \u015al\u0105skiego w Katowicach\u201d zak\u0142adaj\u0105 mi\u0119dzy innymi wieloobszarowe wsparcie dla uczelni, w tym wsparcie student\u00f3w, kadry badawczo-dydaktycznej, kadry administracyjno-kierowniczej. <\/span>\n                     <\/a>\n                  <\/div>\n                <div class=\"slider__controls\">\n                    <div class=\"slider__dots\"><\/div>\n                    <div class=\"slider__actions\">\n                        <a href=\"#\" class=\"arrow\" data-direction=\"prev\" title=\"poprzedni slajd\">\n                            <em class=\"ci ci-arrow-left\"><\/em>\n                            <span class=\"d-none\">control<\/span>\n                        <\/a>\n            \n                        <a href=\"#\" class=\"start-pause\" data-action=\"stop\" title=\"wstrzymaj poruszanie si\u0119 slajd\u00f3w\">\n                            <em class=\"ci ci-pause\"><\/em>\n                            <span class=\"d-none\">control<\/span>\n                        <\/a>\n            \n                       \n                        <a href=\"#\" class=\"arrow\" data-direction=\"next\"  title=\"Kolejny slajd\" >\n                            <em class=\"ci ci-arrow-right\"><\/em>\n                            <span class=\"d-none\">control<\/span>\n                        <\/a>\n                    <\/div>\n                <\/div>\n            <\/div>[\/vc_column][vc_column][vc_empty_space][\/vc_column][vc_column]\n\t\t\t\t<input type=\"hidden\" name=\"promoted_only\" value=\"\">\n\t\t\t\t<input type=\"hidden\" name=\"order\" value=\"ASC\">\n\t\t\t\t<input type=\"hidden\" name=\"order_by\" value=\"menu_order\">\n\n\t\t\t\t<div class=\"article-loop loop-section article-loop_tall color-blue\" style=\"background: \">\n\t\t\t\t\t <div class=\"container \">\n\t\t\t\t\t \t<div class=\"col-12 article-loop-gutter-left\">\n\t\t\t\t\t\t  <div class=\"article-loop-top loop-section-top\">\n\t\t\t\t\t\t\t\t<h2 class=\"section-title\">Wiadomo\u015bci instytutowe<\/h2><div class=\"article-loop-top_right loop-section-top__right\" >\n\t\t\t\t\t\t\t\t\t <select name=\"sort\" title = \"filter by category\"\n\t\t\t\t\t\t\t\t\t\t  class=\"article-loop-sort\" >\n\t\t\t\t\t\t\t\t\t\t  <option value = \"\" selected disabled > filtrowanie wed\u0142ug kategorii<\/option>\n\t\t\t\t\t\t\t\t\t\t  <option value = \"27-9,27-10\" > Wszystko<\/option> <option data-link='https:\/\/us.edu.pl\/instytut\/il\/category\/wiadomosci\/' value='27-9'>Wiadomo\u015bci<\/option><option data-link='https:\/\/us.edu.pl\/instytut\/il\/category\/wiadomosci\/konferencje\/' value='27-10'>konferencje<\/option><\/select>    <a href = \"\/instytut\/il\/category\/wiadomosci\/\" class=\"link-button \" > Wszystko<\/a><\/div>  \n\t\t\t\t\t\t  <\/div>\n\t\t\t\t\t\t  <div class=\"article-loop-main carousel\" data-home-url=\"https:\/\/us.edu.pl\/instytut\/il\" >\n\t\t\t\t\t\t\t\t<a href = \"#\" data-slide = \"prev\" title=\"przesu\u0144 pasek Wiadomo\u015bci instytutowew lewo\" class=\"arrow\" >\n\t\t\t\t\t\t\t\t\t <em class=\"ci ci-arrow-left\" ><\/em >\n\t\t\t\t\t\t\t\t\t <span class=\"d-none\" > arrow<\/span >\n\t\t\t\t\t\t\t\t<\/a>\n\t \n\t\t\t\t\t\t\t\t<a href = \"#\" data-slide = \"next\" title=\"przesu\u0144 pasek Wiadomo\u015bci instytutowe w prawo\" class=\"arrow\" >\n\t\t\t\t\t\t\t\t\t <em class=\"ci ci-arrow-right\" ><\/em >\n\t\t\t\t\t\t\t\t\t <span class=\"d-none\" > arrow<\/span >\n\t\t\t\t\t\t\t\t<\/a>\n\t\t\t\t\t\t\t\t<div class=\"row items\" >\n\t\t\t\t\t\t\t\t\t \r\n            <article class=\"article-loop-post carousel-slide\">\r\n                <a href=\"https:\/\/us.edu.pl\/instytut\/il\/2026\/04\/22\/konferencja-o-tworczosci-literackiej-i-publicystyce-moniki-maron\/\" class=\"article-loop-post__thumbnail thumbnail\"\r\n                    style=\"background-image: url(https:\/\/us.edu.pl\/instytut\/il\/wp-content\/uploads\/sites\/27\/Bez-kategorii\/wyklad2-300x225.png)\">\r\n                    <span>wi\u0119cej<\/span>\r\n                <\/a>\r\n\r\n                <div class=\"article-loop-post__content\">\r\n                    <h3 class=\"article-loop-post__title\">\r\n                        <a href=\"https:\/\/us.edu.pl\/instytut\/il\/2026\/04\/22\/konferencja-o-tworczosci-literackiej-i-publicystyce-moniki-maron\/\">Konferencja \u201eO tw\u00f3rczo\u015bci literackiej i publicystyce Moniki Maron\u201d<\/a>\r\n                    <\/h3>\r\n            \r\n                    <div class=\"article-loop-post__categories\">\r\n                        <a href=\"https:\/\/us.edu.pl\/instytut\/il\/category\/wiadomosci\/konferencje\/\">konferencje<\/a><a href=\"https:\/\/us.edu.pl\/instytut\/il\/category\/wiadomosci\/\">Wiadomo\u015bci<\/a>\r\n                    <\/div>    \r\n                <\/div>\r\n            <\/article>\r\n        \r\n            <article class=\"article-loop-post carousel-slide\">\r\n                <a href=\"https:\/\/us.edu.pl\/instytut\/il\/2026\/03\/17\/cykl-wykladow-otwartych-krainy-bogow\/\" class=\"article-loop-post__thumbnail thumbnail\"\r\n                    style=\"background-image: url(https:\/\/us.edu.pl\/instytut\/il\/wp-content\/uploads\/sites\/27\/Bez-kategorii\/kb-profilowe-300x225.png)\">\r\n                    <span>wi\u0119cej<\/span>\r\n                <\/a>\r\n\r\n                <div class=\"article-loop-post__content\">\r\n                    <h3 class=\"article-loop-post__title\">\r\n                        <a href=\"https:\/\/us.edu.pl\/instytut\/il\/2026\/03\/17\/cykl-wykladow-otwartych-krainy-bogow\/\">KRAINY BOG\u00d3W V. Koniec<\/a>\r\n                    <\/h3>\r\n            \r\n                    <div class=\"article-loop-post__categories\">\r\n                        <a href=\"https:\/\/us.edu.pl\/instytut\/il\/category\/wiadomosci\/\">Wiadomo\u015bci<\/a>\r\n                    <\/div>    \r\n                <\/div>\r\n            <\/article>\r\n        \r\n            <article class=\"article-loop-post carousel-slide\">\r\n                <a href=\"https:\/\/us.edu.pl\/instytut\/il\/2026\/04\/20\/zaproszenie-na-webinar-environmental-history-today-webinar-series\/\" class=\"article-loop-post__thumbnail thumbnail\"\r\n                    style=\"background-image: url(https:\/\/us.edu.pl\/instytut\/il\/wp-content\/uploads\/sites\/27\/Bez-kategorii\/webinar-300x225.png)\">\r\n                    <span>wi\u0119cej<\/span>\r\n                <\/a>\r\n\r\n                <div class=\"article-loop-post__content\">\r\n                    <h3 class=\"article-loop-post__title\">\r\n                        <a href=\"https:\/\/us.edu.pl\/instytut\/il\/2026\/04\/20\/zaproszenie-na-webinar-environmental-history-today-webinar-series\/\">Zaproszenie na webinar &#8222;Environmental History Today Webinar Series&#8221;<\/a>\r\n                    <\/h3>\r\n            \r\n                    <div class=\"article-loop-post__categories\">\r\n                        <a href=\"https:\/\/us.edu.pl\/instytut\/il\/category\/wiadomosci\/\">Wiadomo\u015bci<\/a>\r\n                    <\/div>    \r\n                <\/div>\r\n            <\/article>\r\n        \r\n            <article class=\"article-loop-post carousel-slide\">\r\n                <a href=\"https:\/\/us.edu.pl\/wydzial\/wh\/2026\/04\/20\/medes-and-persians-wyklady-miedzynarodowe-spotkanie-2\/\" class=\"article-loop-post__thumbnail thumbnail\"\r\n                    style=\"background-image: url(https:\/\/us.edu.pl\/instytut\/il\/wp-content\/uploads\/sites\/27\/Bez-kategorii\/R.-Rollinger-300x225.png)\">\r\n                    <span>wi\u0119cej<\/span>\r\n                <\/a>\r\n\r\n                <div class=\"article-loop-post__content\">\r\n                    <h3 class=\"article-loop-post__title\">\r\n                        <a href=\"https:\/\/us.edu.pl\/wydzial\/wh\/2026\/04\/20\/medes-and-persians-wyklady-miedzynarodowe-spotkanie-2\/\">,,Medes and Persians\u2026\u201d. Wyk\u0142ady mi\u0119dzynarodowe \u2013 spotkanie 2<\/a>\r\n                    <\/h3>\r\n            \r\n                    <div class=\"article-loop-post__categories\">\r\n                        <a href=\"https:\/\/us.edu.pl\/instytut\/il\/category\/wiadomosci\/\">Wiadomo\u015bci<\/a>\r\n                    <\/div>    \r\n                <\/div>\r\n            <\/article>\r\n        \r\n            <article class=\"article-loop-post carousel-slide\">\r\n                <a href=\"https:\/\/us.edu.pl\/wydzial\/wh\/2026\/04\/03\/monografia-forms-of-masculinity-pod-redakcja-prof-adama-dziadka\/\" class=\"article-loop-post__thumbnail thumbnail\"\r\n                    style=\"background-image: url(https:\/\/us.edu.pl\/instytut\/il\/wp-content\/uploads\/sites\/27\/Bez-kategorii\/forms-2-300x203.png)\">\r\n                    <span>wi\u0119cej<\/span>\r\n                <\/a>\r\n\r\n                <div class=\"article-loop-post__content\">\r\n                    <h3 class=\"article-loop-post__title\">\r\n                        <a href=\"https:\/\/us.edu.pl\/wydzial\/wh\/2026\/04\/03\/monografia-forms-of-masculinity-pod-redakcja-prof-adama-dziadka\/\">Monografia \u201eForms of Masculinity\u201d pod redakcj\u0105 prof. Adama Dziadka<\/a>\r\n                    <\/h3>\r\n            \r\n                    <div class=\"article-loop-post__categories\">\r\n                        <a href=\"https:\/\/us.edu.pl\/instytut\/il\/category\/wiadomosci\/\">Wiadomo\u015bci<\/a>\r\n                    <\/div>    \r\n                <\/div>\r\n            <\/article>\r\n        \r\n            <article class=\"article-loop-post carousel-slide\">\r\n                <a href=\"https:\/\/us.edu.pl\/instytut\/il\/2026\/04\/07\/homer-the-age-of-heroes-wyklady-miedzynarodowe-spotkanie-1\/\" class=\"article-loop-post__thumbnail thumbnail\"\r\n                    style=\"background-image: url(https:\/\/us.edu.pl\/instytut\/il\/wp-content\/uploads\/sites\/27\/Bez-kategorii\/Wecowski1-scaled-1-300x224.jpg)\">\r\n                    <span>wi\u0119cej<\/span>\r\n                <\/a>\r\n\r\n                <div class=\"article-loop-post__content\">\r\n                    <h3 class=\"article-loop-post__title\">\r\n                        <a href=\"https:\/\/us.edu.pl\/instytut\/il\/2026\/04\/07\/homer-the-age-of-heroes-wyklady-miedzynarodowe-spotkanie-1\/\">\u201eHomer, the Age of Heroes\u2026\u201d. Wyk\u0142ady mi\u0119dzynarodowe \u2013 spotkanie 1<\/a>\r\n                    <\/h3>\r\n            \r\n                    <div class=\"article-loop-post__categories\">\r\n                        <a href=\"https:\/\/us.edu.pl\/instytut\/il\/category\/wiadomosci\/\">Wiadomo\u015bci<\/a>\r\n                    <\/div>    \r\n                <\/div>\r\n            <\/article>\r\n        \r\n            <article class=\"article-loop-post carousel-slide\">\r\n                <a href=\"https:\/\/us.edu.pl\/instytut\/il\/2026\/03\/31\/radosnych-i-spokojnych-swiat\/\" class=\"article-loop-post__thumbnail thumbnail\"\r\n                    style=\"background-image: url(https:\/\/us.edu.pl\/instytut\/il\/wp-content\/uploads\/sites\/27\/Bez-kategorii\/emilia_baczynska-egg-4157274_640-300x200.jpg)\">\r\n                    <span>wi\u0119cej<\/span>\r\n                <\/a>\r\n\r\n                <div class=\"article-loop-post__content\">\r\n                    <h3 class=\"article-loop-post__title\">\r\n                        <a href=\"https:\/\/us.edu.pl\/instytut\/il\/2026\/03\/31\/radosnych-i-spokojnych-swiat\/\">Radosnych i spokojnych \u015awi\u0105t!<\/a>\r\n                    <\/h3>\r\n            \r\n                    <div class=\"article-loop-post__categories\">\r\n                        <a href=\"https:\/\/us.edu.pl\/instytut\/il\/category\/wiadomosci\/\">Wiadomo\u015bci<\/a>\r\n                    <\/div>    \r\n                <\/div>\r\n            <\/article>\r\n        \r\n            <article class=\"article-loop-post carousel-slide\">\r\n                <a href=\"https:\/\/us.edu.pl\/instytut\/il\/2026\/03\/27\/wyklady-miedzynarodowe-w-ramach-seminarium-z-metodologii-badan-nad-starozytnoscia-3\/\" class=\"article-loop-post__thumbnail thumbnail\"\r\n                    style=\"background-image: url(https:\/\/us.edu.pl\/instytut\/il\/wp-content\/uploads\/sites\/27\/Bez-kategorii\/starozytnosc-300x225.jpg)\">\r\n                    <span>wi\u0119cej<\/span>\r\n                <\/a>\r\n\r\n                <div class=\"article-loop-post__content\">\r\n                    <h3 class=\"article-loop-post__title\">\r\n                        <a href=\"https:\/\/us.edu.pl\/instytut\/il\/2026\/03\/27\/wyklady-miedzynarodowe-w-ramach-seminarium-z-metodologii-badan-nad-starozytnoscia-3\/\">Wyk\u0142ady mi\u0119dzynarodowe w ramach seminarium z metodologii bada\u0144 nad staro\u017cytno\u015bci\u0105<\/a>\r\n                    <\/h3>\r\n            \r\n                    <div class=\"article-loop-post__categories\">\r\n                        <a href=\"https:\/\/us.edu.pl\/instytut\/il\/category\/wiadomosci\/\">Wiadomo\u015bci<\/a>\r\n                    <\/div>    \r\n                <\/div>\r\n            <\/article>\r\n        \n\t\t\t\t\t\t\t\t<\/div>\n\t\t\t\t\t\t  <\/div>\n\t\t\t\t\t <\/div>\n\t\t\t\t\t <\/div>\n\t\t\t\t<\/div>[\/vc_column][vc_column]\r\n                <div class=\"numerical-data numerical-data_horizontal color-blue\" style=\"background: #EBEBEB\">\r\n                \r\n                    <div class=\"container\">\r\n                        <div class=\"row m-0\">\r\n                        \r\n                        <div class=\"numerical-data-item\">\r\n                                <div class=\"numerical-data-item__icon\" style=\"padding-top: 12px;\"> <img src=\"https:\/\/us.edu.pl\/instytut\/il\/wp-content\/uploads\/sites\/27\/obrazy-do-szablonu\/ksiazka_granat.png\" alt=\"Um\u00f3w\"><\/div>\r\n                                <div class=\"numerical-data-item__content\"><div class=\"numerical-data-item__num\">9<\/div><div class=\"numerical-data-item__text\">Um\u00f3w<\/div>\r\n                                <\/div>  \r\n                        <\/div>\r\n                    \r\n                        <div class=\"numerical-data-item\">\r\n                                <div class=\"numerical-data-item__icon\" style=\"padding-top: 12px;\"> <img src=\"https:\/\/us.edu.pl\/instytut\/il\/wp-content\/uploads\/sites\/27\/obrazy-do-szablonu\/konf_granat.png\" alt=\"Um\u00f3w\"><\/div>\r\n                                <div class=\"numerical-data-item__content\"><div class=\"numerical-data-item__num\">4<\/div><div class=\"numerical-data-item__text\">Um\u00f3w<\/div>\r\n                                <\/div>  \r\n                        <\/div>\r\n                    \r\n                        <div class=\"numerical-data-item\">\r\n                                <div class=\"numerical-data-item__icon\" style=\"padding-top: 12px;\"> <img src=\"https:\/\/us.edu.pl\/instytut\/il\/wp-content\/uploads\/sites\/27\/obrazy-do-szablonu\/bibl_granat.png\" alt=\"Publikacji\"><\/div>\r\n                                <div class=\"numerical-data-item__content\"><div class=\"numerical-data-item__num\">1991<\/div><div class=\"numerical-data-item__text\">Publikacji<\/div>\r\n                                <\/div>  \r\n                        <\/div>\r\n                    \r\n                        <\/div>\r\n                    <\/div>\r\n                \r\n                <\/div>\r\n            [\/vc_column][vc_column]\r\n\r\n            <div class=\"blocks\" style=\"text-align: \">\r\n               <div class=\"container\">\r\n                  \r\n                  <div class=\"row m-0 blocks_4\">\r\n                  \r\n                     <a href=\"https:\/\/us.edu.pl\/pracownik\/sprawy-naukowe\/strefa-projektow\/\" class=\"thumbnail blocks__item\" style=\"background-image: url(https:\/\/us.edu.pl\/instytut\/il\/wp-content\/uploads\/sites\/27\/Nieprzypisane\/girl-3718521_640.pixabay.jpg)\">\r\n                        <span>wi\u0119cej<\/span>\r\n                        <div class=\"blocks__bottom\">\r\n                        <div class=\"blocks__title\">Projekty i konkursy <\/div>\r\n                        \r\n                        <\/div>\r\n                     <\/a>\r\n                  \r\n                     <a href=\"https:\/\/pp.us.edu.pl\/\" class=\"thumbnail blocks__item\" style=\"background-image: url(https:\/\/us.edu.pl\/instytut\/il\/wp-content\/uploads\/sites\/27\/Nieprzypisane\/apple-1851464_640.pixabay.jpg)\">\r\n                        <span>wi\u0119cej<\/span>\r\n                        <div class=\"blocks__bottom\">\r\n                        <div class=\"blocks__title\">Portal Pracownika<\/div>\r\n                        \r\n                        <\/div>\r\n                     <\/a>\r\n                  \r\n                     <a href=\"https:\/\/rebus.us.edu.pl\/\" class=\"thumbnail blocks__item\" style=\"background-image: url(https:\/\/us.edu.pl\/instytut\/il\/wp-content\/uploads\/sites\/27\/Nieprzypisane\/cinoba6-300x200.jpg)\">\r\n                        <span>wi\u0119cej<\/span>\r\n                        <div class=\"blocks__bottom\">\r\n                        <div class=\"blocks__title\">Repozytorium U\u015a<\/div>\r\n                        \r\n                        <\/div>\r\n                     <\/a>\r\n                  \r\n                     <a href=\"https:\/\/konstytucjadlanauki.gov.pl\/pobierz-ustawe \" class=\"thumbnail blocks__item\" style=\"background-image: url(https:\/\/us.edu.pl\/instytut\/il\/wp-content\/uploads\/sites\/27\/Nieprzypisane\/hammer-719066_640pixabay..jpg)\">\r\n                        <span>wi\u0119cej<\/span>\r\n                        <div class=\"blocks__bottom\">\r\n                        <div class=\"blocks__title\">Ustawa 2.0<\/div>\r\n                        \r\n                        <\/div>\r\n                     <\/a><\/div>     \r\n               <\/div>\r\n            <\/div>[\/vc_column][vc_column]\r\n                <div class='logos'>\r\n                    <div class='container'>\r\n                        <h3 class='page-title'><\/h3>\r\n                        <div class='logos-blocks bg-blue'> \r\n               \r\n                            \r\n                        <a href=\"https:\/\/www.slaskifestiwalnauki.pl\/\" title=\"\u015al\u0105ski Festiwal Nauki KATOWICE\"\r\n                         class=\"logos-blocks__item carousel-slide\">\r\n                            <div class=\"logos-blocks__img\">\r\n                                <img src=\"https:\/\/us.edu.pl\/instytut\/il\/wp-content\/uploads\/sites\/27\/obrazy-do-szablonu\/\u015bfn.png\" alt=\"\u015al\u0105ski Festiwal Nauki KATOWICE\">\r\n                            <\/div>\r\n                            <span>\u015al\u0105ski Festiwal Nauki KATOWICE<\/span>\r\n                        <\/a>\r\n                        <a href=\"http:\/\/www.przystaneknauka.us.edu.pl\/\" title=\"Przystanek Nauka\"\r\n                         class=\"logos-blocks__item carousel-slide\">\r\n                            <div class=\"logos-blocks__img\">\r\n                                <img src=\"https:\/\/us.edu.pl\/instytut\/il\/wp-content\/uploads\/sites\/27\/obrazy-do-szablonu\/spaghetti.png\" alt=\"Przystanek Nauka\">\r\n                            <\/div>\r\n                            <span>Przystanek Nauka<\/span>\r\n                        <\/a>\r\n                        <a href=\"\" title=\"Konferencje naukowe\"\r\n                         class=\"logos-blocks__item carousel-slide\">\r\n                            <div class=\"logos-blocks__img\">\r\n                                <img src=\"https:\/\/us.edu.pl\/instytut\/il\/wp-content\/uploads\/sites\/27\/obrazy-do-szablonu\/spotkania-naukowe.png\" alt=\"Konferencje naukowe\">\r\n                            <\/div>\r\n                            <span>Konferencje naukowe<\/span>\r\n                        <\/a>\r\n                        <a href=\"\" title=\"publikacje naukowe\"\r\n                         class=\"logos-blocks__item carousel-slide\">\r\n                            <div class=\"logos-blocks__img\">\r\n                                <img src=\"https:\/\/us.edu.pl\/instytut\/il\/wp-content\/uploads\/sites\/27\/obrazy-do-szablonu\/ksi\u0105\u017cka.png\" alt=\"publikacje naukowe\">\r\n                            <\/div>\r\n                            <span>publikacje naukowe<\/span>\r\n                        <\/a>\r\n                        <a href=\"https:\/\/www.ciniba.edu.pl\/\" title=\"biblioteka\"\r\n                         class=\"logos-blocks__item carousel-slide\">\r\n                            <div class=\"logos-blocks__img\">\r\n                                <img src=\"https:\/\/us.edu.pl\/instytut\/il\/wp-content\/uploads\/sites\/27\/obrazy-do-szablonu\/ksi\u0105\u017cka.png\" alt=\"biblioteka\">\r\n                            <\/div>\r\n                            <span>biblioteka<\/span>\r\n                        <\/a> \r\n                           \r\n                        <\/div>\r\n                    <\/div>\r\n                <\/div>[\/vc_column][\/vc_row][vc_row][vc_column][vc_column_text][\/vc_column_text][\/vc_column][\/vc_row]<\/p>","protected":false},"excerpt":{"rendered":"<p>[vc_row][vc_column][\/vc_column][vc_column][vc_empty_space][\/vc_column][vc_column][\/vc_column][vc_column][\/vc_column][vc_column][\/vc_column][vc_column][\/vc_column][\/vc_row][vc_row][vc_column][vc_column_text][\/vc_column_text][\/vc_column][\/vc_row] [&#8230;]<\/p>\n<p><a class=\"btn btn-secondary understrap-read-more-link\" href=\"https:\/\/us.edu.pl\/instytut\/il\/2020\/07\/20\/wyniki-konkursu-etiuda-8\/\">Read More&#8230;<\/a><\/p>\n","protected":false},"author":25,"featured_media":0,"parent":0,"menu_order":0,"comment_status":"closed","ping_status":"closed","template":"page-templates\/index-template.php","meta":{"_expiration-date-status":"","_expiration-date":0,"_expiration-date-type":"","_expiration-date-categories":[],"_expiration-date-options":[]},"acf":[],"_links":{"self":[{"href":"https:\/\/us.edu.pl\/instytut\/il\/wp-json\/wp\/v2\/pages\/22"}],"collection":[{"href":"https:\/\/us.edu.pl\/instytut\/il\/wp-json\/wp\/v2\/pages"}],"about":[{"href":"https:\/\/us.edu.pl\/instytut\/il\/wp-json\/wp\/v2\/types\/page"}],"author":[{"embeddable":true,"href":"https:\/\/us.edu.pl\/instytut\/il\/wp-json\/wp\/v2\/users\/25"}],"replies":[{"embeddable":true,"href":"https:\/\/us.edu.pl\/instytut\/il\/wp-json\/wp\/v2\/comments?post=22"}],"version-history":[{"count":10,"href":"https:\/\/us.edu.pl\/instytut\/il\/wp-json\/wp\/v2\/pages\/22\/revisions"}],"predecessor-version":[{"id":4692,"href":"https:\/\/us.edu.pl\/instytut\/il\/wp-json\/wp\/v2\/pages\/22\/revisions\/4692"}],"wp:attachment":[{"href":"https:\/\/us.edu.pl\/instytut\/il\/wp-json\/wp\/v2\/media?parent=22"}],"curies":[{"name":"wp","href":"https:\/\/api.w.org\/{rel}","templated":true}]}}