{"id":1144,"date":"2021-07-30T08:47:05","date_gmt":"2021-07-30T06:47:05","guid":{"rendered":"https:\/\/us.edu.pl\/instytut\/inpr\/?page_id=1144"},"modified":"2021-07-30T10:41:06","modified_gmt":"2021-07-30T08:41:06","slug":"ewaluacja","status":"publish","type":"page","link":"https:\/\/us.edu.pl\/instytut\/inpr\/ewaluacja\/","title":{"rendered":"Ewaluacja"},"content":{"rendered":"<p>[vc_row][vc_column]\r\n                <div class=\"text-modules\">\r\n                    <div class=\"container\">\r\n                        <h3 class=\"page-title text__title\">Ewaluacja<\/h3>\r\n                        <div class=\"text-modules__content\"><p><a href=\"http:\/\/isap.sejm.gov.pl\/isap.nsf\/DocDetails.xsp?id=WDU20190000392\">Rozporz\u0105dzanie Ministra Nauki i Szkolnictwa Wy\u017cszego z dnia 22 lutego 2019 r. w sprawie ewaluacji jako\u015bci dzia\u0142alno\u015bci naukowej <\/a><\/p>\n<p><a href=\"https:\/\/konstytucjadlanauki.gov.pl\/content\/uploads\/2019\/03\/ewaluacja-jakosci-dzialalnosci-naukowej-przewodnik20190305.pdf\" class=\"mtli_attachment mtli_pdf\" class=\"mtli_attachment mtli_pdf\">Ewaluacja jako\u015bci dzia\u0142alno\u015bci naukowej &#8211; przewodnik<\/a><\/p>\n<p><a href=\"https:\/\/www.gov.pl\/web\/edukacja-i-nauka\/komunikat-ministra-edukacji-i-nauki-w-sprawie-wykazu-wydawnictw-publikujacych-recenzowane-monografie-naukowe?fbclid=IwAR2xN1V0EtAr2tRYhQWaRjZzzDdcyGTC1894GOM5fs6IN4bWuSb2Lo74ty4\">Wykaz wydawnictw publikuj\u0105cych recenzowane monografie naukowe<\/a><\/p>\n<p><a href=\"http:\/\/bip.us.edu.pl\/zarzadzenie-nr-1682020\">Zarz\u0105dzenie Rektora U\u015a w sprawie sk\u0142adania przez pracownik\u00f3w Uniwersytetu \u015al\u0105skiego o\u015bwiadcze\u0144<\/a><\/p>\n<p><a href=\"https:\/\/us.edu.pl\/pracownik\/sprawy-naukowe\/sprawy-pracownika-naukowego-na\/zasady-oceny-punktowej-publikacji-pracownikow\/I\">Zasady oceny punktowej publikacji pracownik\u00f3w Uniwersytetu \u015al\u0105skiego za lata 2017-2021<\/a><\/p>\n<\/div>\r\n                    <\/div>\r\n                <\/div>[\/vc_column][\/vc_row]<\/p>","protected":false},"excerpt":{"rendered":"<p>[vc_row][vc_column][\/vc_column][\/vc_row] [&#8230;]<\/p>\n<p><a class=\"btn btn-secondary understrap-read-more-link\" href=\"https:\/\/us.edu.pl\/instytut\/inpr\/ewaluacja\/\">Read More&#8230;<\/a><\/p>\n","protected":false},"author":107,"featured_media":0,"parent":0,"menu_order":0,"comment_status":"closed","ping_status":"closed","template":"","meta":{"_expiration-date-status":"saved","_expiration-date":0,"_expiration-date-type":"","_expiration-date-categories":[],"_expiration-date-options":[]},"acf":[],"_links":{"self":[{"href":"https:\/\/us.edu.pl\/instytut\/inpr\/wp-json\/wp\/v2\/pages\/1144"}],"collection":[{"href":"https:\/\/us.edu.pl\/instytut\/inpr\/wp-json\/wp\/v2\/pages"}],"about":[{"href":"https:\/\/us.edu.pl\/instytut\/inpr\/wp-json\/wp\/v2\/types\/page"}],"author":[{"embeddable":true,"href":"https:\/\/us.edu.pl\/instytut\/inpr\/wp-json\/wp\/v2\/users\/107"}],"replies":[{"embeddable":true,"href":"https:\/\/us.edu.pl\/instytut\/inpr\/wp-json\/wp\/v2\/comments?post=1144"}],"version-history":[{"count":6,"href":"https:\/\/us.edu.pl\/instytut\/inpr\/wp-json\/wp\/v2\/pages\/1144\/revisions"}],"predecessor-version":[{"id":1169,"href":"https:\/\/us.edu.pl\/instytut\/inpr\/wp-json\/wp\/v2\/pages\/1144\/revisions\/1169"}],"wp:attachment":[{"href":"https:\/\/us.edu.pl\/instytut\/inpr\/wp-json\/wp\/v2\/media?parent=1144"}],"curies":[{"name":"wp","href":"https:\/\/api.w.org\/{rel}","templated":true}]}}