{"id":1166,"date":"2021-07-30T10:39:44","date_gmt":"2021-07-30T08:39:44","guid":{"rendered":"https:\/\/us.edu.pl\/instytut\/inpr\/?page_id=1166"},"modified":"2024-04-12T11:55:37","modified_gmt":"2024-04-12T09:55:37","slug":"studia-doktoranckie-doktorancki-ktorzy-maja-wszczety-przewod","status":"publish","type":"page","link":"https:\/\/us.edu.pl\/instytut\/inpr\/nauka-i-badania\/awanse-naukowe\/przewody-doktorskie\/tryb-uzyskania-stopnia-doktora\/studia-doktoranckie-doktorancki-ktorzy-maja-wszczety-przewod\/","title":{"rendered":"Osoby, kt\u00f3re wszcz\u0119\u0142y przew\u00f3d do 30 kwietnia 2019 roku"},"content":{"rendered":"<p>[vc_row][vc_column]\r\n                <div class=\"text-modules\">\r\n                    <div class=\"container\">\r\n                        <h3 class=\"page-title text__title\">Osoby, kt\u00f3re wszcz\u0119\u0142y przew\u00f3d do 30 kwietnia 2019 roku<\/h3>\r\n                        <div class=\"text-modules__content\"><\/div>\r\n                    <\/div>\r\n                <\/div>[\/vc_column][\/vc_row]<\/p>","protected":false},"excerpt":{"rendered":"<p>[vc_row][vc_column][\/vc_column][\/vc_row] [&#8230;]<\/p>\n<p><a class=\"btn btn-secondary understrap-read-more-link\" href=\"https:\/\/us.edu.pl\/instytut\/inpr\/nauka-i-badania\/awanse-naukowe\/przewody-doktorskie\/tryb-uzyskania-stopnia-doktora\/studia-doktoranckie-doktorancki-ktorzy-maja-wszczety-przewod\/\">Read More&#8230;<\/a><\/p>\n","protected":false},"author":107,"featured_media":0,"parent":1153,"menu_order":0,"comment_status":"closed","ping_status":"closed","template":"page-templates\/inner-page-with-bookmarks.php","meta":{"_expiration-date-status":"","_expiration-date":0,"_expiration-date-type":"","_expiration-date-categories":[],"_expiration-date-options":[]},"acf":[],"_links":{"self":[{"href":"https:\/\/us.edu.pl\/instytut\/inpr\/wp-json\/wp\/v2\/pages\/1166"}],"collection":[{"href":"https:\/\/us.edu.pl\/instytut\/inpr\/wp-json\/wp\/v2\/pages"}],"about":[{"href":"https:\/\/us.edu.pl\/instytut\/inpr\/wp-json\/wp\/v2\/types\/page"}],"author":[{"embeddable":true,"href":"https:\/\/us.edu.pl\/instytut\/inpr\/wp-json\/wp\/v2\/users\/107"}],"replies":[{"embeddable":true,"href":"https:\/\/us.edu.pl\/instytut\/inpr\/wp-json\/wp\/v2\/comments?post=1166"}],"version-history":[{"count":11,"href":"https:\/\/us.edu.pl\/instytut\/inpr\/wp-json\/wp\/v2\/pages\/1166\/revisions"}],"predecessor-version":[{"id":1939,"href":"https:\/\/us.edu.pl\/instytut\/inpr\/wp-json\/wp\/v2\/pages\/1166\/revisions\/1939"}],"up":[{"embeddable":true,"href":"https:\/\/us.edu.pl\/instytut\/inpr\/wp-json\/wp\/v2\/pages\/1153"}],"wp:attachment":[{"href":"https:\/\/us.edu.pl\/instytut\/inpr\/wp-json\/wp\/v2\/media?parent=1166"}],"curies":[{"name":"wp","href":"https:\/\/api.w.org\/{rel}","templated":true}]}}