{"id":327,"date":"2020-09-08T09:48:36","date_gmt":"2020-09-08T07:48:36","guid":{"rendered":"https:\/\/us.edu.pl\/instytut\/inpr\/?page_id=327"},"modified":"2021-08-04T14:37:59","modified_gmt":"2021-08-04T12:37:59","slug":"archiwalne-postepowania-o-nadanie-tytulu-profesora","status":"publish","type":"page","link":"https:\/\/us.edu.pl\/instytut\/inpr\/archiwalne-postepowania-o-nadanie-tytulu-profesora\/","title":{"rendered":"Post\u0119powania o nadanie tytu\u0142u profesora rozpocz\u0119te przed wrze\u015bniem 2019"},"content":{"rendered":"","protected":false},"excerpt":{"rendered":"<p> [&#8230;]<\/p>\n<p><a class=\"btn btn-secondary understrap-read-more-link\" href=\"https:\/\/us.edu.pl\/instytut\/inpr\/archiwalne-postepowania-o-nadanie-tytulu-profesora\/\">Read More&#8230;<\/a><\/p>\n","protected":false},"author":107,"featured_media":0,"parent":0,"menu_order":0,"comment_status":"closed","ping_status":"closed","template":"page-templates\/page-with-bookmarks.php","meta":{"_expiration-date-status":"saved","_expiration-date":0,"_expiration-date-type":"","_expiration-date-categories":[],"_expiration-date-options":[]},"acf":[],"_links":{"self":[{"href":"https:\/\/us.edu.pl\/instytut\/inpr\/wp-json\/wp\/v2\/pages\/327"}],"collection":[{"href":"https:\/\/us.edu.pl\/instytut\/inpr\/wp-json\/wp\/v2\/pages"}],"about":[{"href":"https:\/\/us.edu.pl\/instytut\/inpr\/wp-json\/wp\/v2\/types\/page"}],"author":[{"embeddable":true,"href":"https:\/\/us.edu.pl\/instytut\/inpr\/wp-json\/wp\/v2\/users\/107"}],"replies":[{"embeddable":true,"href":"https:\/\/us.edu.pl\/instytut\/inpr\/wp-json\/wp\/v2\/comments?post=327"}],"version-history":[{"count":10,"href":"https:\/\/us.edu.pl\/instytut\/inpr\/wp-json\/wp\/v2\/pages\/327\/revisions"}],"predecessor-version":[{"id":1255,"href":"https:\/\/us.edu.pl\/instytut\/inpr\/wp-json\/wp\/v2\/pages\/327\/revisions\/1255"}],"wp:attachment":[{"href":"https:\/\/us.edu.pl\/instytut\/inpr\/wp-json\/wp\/v2\/media?parent=327"}],"curies":[{"name":"wp","href":"https:\/\/api.w.org\/{rel}","templated":true}]}}