{"id":734,"date":"2020-11-27T10:28:10","date_gmt":"2020-11-27T09:28:10","guid":{"rendered":"https:\/\/us.edu.pl\/instytut\/inpr\/?page_id=734"},"modified":"2023-03-22T11:19:17","modified_gmt":"2023-03-22T10:19:17","slug":"dla-pracownika","status":"publish","type":"page","link":"https:\/\/us.edu.pl\/instytut\/inpr\/dla-pracownika\/","title":{"rendered":"Dla pracownika"},"content":{"rendered":"<p>[vc_row][vc_column width=&#8221;1\/5&#8243;][\/vc_column][vc_column width=&#8221;4\/5&#8243;]  <div class=\"announcements-wrap\"> \r\n\t\t\t\t\t\t\t\t\t<div class=\"announcements announcements_1\" style=\"background-color:\">\r\n                                <div class=\"section-title\">Komunikaty<\/div>\r\n                                \r\n                                <style>.cwkrdv.angle-list > li::before{color:  !important}<\/style><div class=\"d-flex flex-wrap\"><ul class=\"angle-list cwkrdv\" ><li > <a href = \"https:\/\/us.edu.pl\/instytut\/inpr\/komunikaty\/dr-dorota-kiebzak-mandera-informacja-o-terminach-dyzurow\/\" style=\"color:\"> Dr Dorota Kiebzak-Mandera \u2013 informacja o terminach dy\u017cur\u00f3w w kwietniu 2026 r. <\/a > <\/li > <li > <a href = \"https:\/\/us.edu.pl\/instytut\/inpr\/komunikaty\/przekazywanie-informacji-o-publikacjach\/\" style=\"color:\"> Przekazywanie informacji o publikacjach <\/a > <\/li > <li > <a href = \"https:\/\/us.edu.pl\/instytut\/inpr\/komunikaty\/przyznawanie-punktow-za-publikacje-naukowe\/\" style=\"color:\"> Przyznawanie punkt\u00f3w za publikacje naukowe <\/a > <\/li > <li > <a href = \"https:\/\/us.edu.pl\/instytut\/inpr\/komunikaty\/nowy-wykaz-wydawnictw-publikujacych-recenzowane-monografie-naukowe\/\" style=\"color:\"> Nowy wykaz wydawnictw publikuj\u0105cych recenzowane monografie naukowe <\/a > <\/li > <li > <a href = \"https:\/\/us.edu.pl\/instytut\/inpr\/komunikaty\/skladanie-wnioskow-i-przekazywanie-akt-sprawy-komunikat-rady-doskonalosci-naukowej\/\" style=\"color:\"> Sk\u0142adanie wniosk\u00f3w i przekazywanie akt sprawy do Rady Doskona\u0142o\u015bci Naukowej <\/a > <\/li > <li > <a href = \"https:\/\/us.edu.pl\/instytut\/inpr\/komunikaty\/instrukcja-wysylania-wiadomosci-poprzez-usos-mail\/\" style=\"color:\"> Instrukcja wysy\u0142ania wiadomo\u015bci poprzez USOS-MAIL <\/a > <\/li > <li > <a href = \"https:\/\/us.edu.pl\/instytut\/inpr\/komunikaty\/przewodnik-przyblizajacy-idee-open-access\/\" style=\"color:\"> Przewodnik przybli\u017caj\u0105cy ide\u0119 Open Access <\/a > <\/li > <li > <a href = \"https:\/\/us.edu.pl\/instytut\/inpr\/komunikaty\/deponowanie-prac-w-re-bus\/\" style=\"color:\"> Deponowanie prac w Re-BU\u015a <\/a > <\/li > <li > <a href = \"https:\/\/us.edu.pl\/instytut\/inpr\/komunikaty\/program-international-cooperation-against-transnational-financial-organized-crime\/\" style=\"color:\"> Program \u201eINTERNATIONAL COOPERATION AGAINST TRANSNATIONAL FINANCIAL ORGANIZED CRIME\u201d <\/a > <\/li > <li > <a href = \"https:\/\/us.edu.pl\/instytut\/inpr\/komunikaty\/organizacja-konferencji-szkolen-i-innych-wydarzen-w-okresie-do-30-04-2021-r\/\" style=\"color:\"> Organizacja konferencji, szkole\u0144 i innych wydarze\u0144 w okresie  do 30.04.2021 r. <\/a > <\/li > <\/ul><\/div><a href = \"https:\/\/us.edu.pl\/instytut\/inpr\/komunikaty\/\" class=\"link-button\">Wszystko<\/a>\r\n\t\t\t\t\t\t\t\t\t<\/div>\r\n\t\t\t\t\t\t\t\t<\/div>[\/vc_column][\/vc_row][vc_row][vc_column]\r\n                <div class=\"tiles-section\" style=\"background: \">\r\n                    <div class=\"container\">\r\n                        <h3 class=\"page-title\"><\/h3>\r\n                        <div class=\"tiles tiles-2\">\r\n                            <a href=\"https:\/\/us.edu.pl\/instytut\/inpr\/ewaluacja\/\" class=\"tile tile_double justify-content-center\" style=\"background-color: #002E5A; font-weight: bold; color: #ffffff;  \">\r\n                                \r\n                                   \r\n                               \r\n                                <div class=\"tile__name\">Ewaluacja<\/div>\r\n                            <\/a><\/div>\r\n                    <\/div>\r\n                <\/div>[\/vc_column][\/vc_row][vc_row block_title=&#8221;toto&#8221; tiles=&#8221;%5B%7B%22tile_title%22%3A%22Portal%20Pracownika%22%2C%22tile_link%22%3A%22https%3A%2F%2Fpp.us.edu.pl%2F%22%2C%22tile_bg_color%22%3A%22%23002E5A%22%2C%22tile_color%22%3A%22%23ffffff%22%2C%22tile_font_weight%22%3A%22bold%22%7D%2C%7B%22tile_title%22%3A%22Biblioteka%20Prawnicza%22%2C%22tile_link%22%3A%22https%3A%2F%2Fbp.us.edu.pl%2F%22%2C%22tile_bg_color%22%3A%22%23002E5A%22%2C%22tile_color%22%3A%22%23ffffff%22%2C%22tile_font_weight%22%3A%22bold%22%7D%2C%7B%22tile_title%22%3A%22Dydaktyczna%20Biblioteka%20Cyfrowa%22%2C%22tile_link%22%3A%22https%3A%2F%2Fwww.ciniba.edu.pl%2Fwiadomosci%2F987997-dydaktyczna-biblioteka-cyfrowa-us%22%2C%22tile_bg_color%22%3A%22%23002E5A%22%2C%22tile_color%22%3A%22%23ffffff%22%2C%22tile_font_weight%22%3A%22bold%22%7D%2C%7B%22tile_title%22%3A%22RE-BU%C5%9A%22%2C%22tile_link%22%3A%22https%3A%2F%2Frebus.us.edu.pl%2F%22%2C%22tile_bg_color%22%3A%22%23002E5A%22%2C%22tile_color%22%3A%22%23ffffff%22%2C%22tile_font_weight%22%3A%22bold%22%7D%2C%7B%22tile_title%22%3A%22PBN%22%2C%22tile_link%22%3A%22https%3A%2F%2Fpbn.nauka.gov.pl%2Fcore%2F%23%2Fhome%22%2C%22tile_bg_color%22%3A%22%23002E5A%22%2C%22tile_color%22%3A%22%23ffffff%22%2C%22tile_font_weight%22%3A%22bold%22%7D%2C%7B%22tile_title%22%3A%22ResearchGate%22%2C%22tile_link%22%3A%22https%3A%2F%2Fwww.researchgate.net%2F%22%2C%22tile_bg_color%22%3A%22%23002E5A%22%2C%22tile_color%22%3A%22%23ffffff%22%2C%22tile_font_weight%22%3A%22bold%22%7D%2C%7B%22tile_title%22%3A%22ORCID%22%2C%22tile_link%22%3A%22https%3A%2F%2Forcid.org%2F%22%2C%22tile_bg_color%22%3A%22%23002E5A%22%2C%22tile_color%22%3A%22%23ffffff%22%2C%22tile_font_weight%22%3A%22bold%22%7D%2C%7B%22tile_title%22%3A%22GoogleScholar%22%2C%22tile_link%22%3A%22https%3A%2F%2Fscholar.google.com%2F%20%22%2C%22tile_bg_color%22%3A%22%23002E5A%22%2C%22tile_color%22%3A%22%23ffffff%22%2C%22tile_font_weight%22%3A%22bold%22%7D%5D&#8221; tiles_amount=&#8221;4&#8243; bg_color=&#8221;#ffffff&#8221;][vc_column]\r\n                <div class=\"tiles-section\" style=\"background: \">\r\n                    <div class=\"container\">\r\n                        <h3 class=\"page-title\"><\/h3>\r\n                        <div class=\"tiles tiles-4\">\r\n                            <a href=\"https:\/\/pp.us.edu.pl\/\" class=\"tile tile_ justify-content-center\" style=\"background-color: #002E5A; font-weight: bold; color: #ffffff;  \">\r\n                                \r\n                                   \r\n                               \r\n                                <div class=\"tile__name\">Portal Pracownika<\/div>\r\n                            <\/a>\r\n                            <a href=\"https:\/\/bp.us.edu.pl\/\" class=\"tile tile_ justify-content-center\" style=\"background-color: #002E5A; font-weight: bold; color: #ffffff;  \">\r\n                                \r\n                                   \r\n                               \r\n                                <div class=\"tile__name\">Biblioteka Prawnicza<\/div>\r\n                            <\/a>\r\n                            <a href=\"https:\/\/www.ciniba.edu.pl\/wiadomosci\/987997-dydaktyczna-biblioteka-cyfrowa-us\" class=\"tile tile_ justify-content-center\" style=\"background-color: #002E5A; font-weight: bold; color: #ffffff;  \">\r\n                                \r\n                                   \r\n                               \r\n                                <div class=\"tile__name\">Dydaktyczna Biblioteka Cyfrowa<\/div>\r\n                            <\/a>\r\n                            <a href=\"https:\/\/opus.us.edu.pl\/index.seam\" class=\"tile tile_ justify-content-center\" style=\"background-color: #002E5A; font-weight: bold; color: #ffffff;  \">\r\n                                \r\n                                   \r\n                               \r\n                                <div class=\"tile__name\">OPUS<\/div>\r\n                            <\/a>\r\n                            <a href=\"https:\/\/pbn.nauka.gov.pl\/core\/#\/home\" class=\"tile tile_ justify-content-center\" style=\"background-color: #002E5A; font-weight: bold; color: #ffffff;  \">\r\n                                \r\n                                   \r\n                               \r\n                                <div class=\"tile__name\">PBN<\/div>\r\n                            <\/a>\r\n                            <a href=\"https:\/\/www.researchgate.net\/\" class=\"tile tile_ justify-content-center\" style=\"background-color: #002E5A; font-weight: bold; color: #ffffff;  \">\r\n                                \r\n                                   \r\n                               \r\n                                <div class=\"tile__name\">ResearchGate<\/div>\r\n                            <\/a>\r\n                            <a href=\"https:\/\/orcid.org\/\" class=\"tile tile_ justify-content-center\" style=\"background-color: #002E5A; font-weight: bold; color: #ffffff;  \">\r\n                                \r\n                                   \r\n                               \r\n                                <div class=\"tile__name\">ORCID<\/div>\r\n                            <\/a>\r\n                            <a href=\"https:\/\/scholar.google.com\/ \" class=\"tile tile_ justify-content-center\" style=\"background-color: #002E5A; font-weight: bold; color: #ffffff;  \">\r\n                                \r\n                                   \r\n                               \r\n                                <div class=\"tile__name\">GoogleScholar<\/div>\r\n                            <\/a><\/div>\r\n                    <\/div>\r\n                <\/div>[\/vc_column][\/vc_row]<\/p>","protected":false},"excerpt":{"rendered":"<p>[vc_row][vc_column width=&#8221;1\/5&#8243;][\/vc_column][vc_column width=&#8221;4\/5&#8243;][\/vc_column][\/vc_row][vc_row][vc_column][\/vc_column][\/vc_row][vc_row block_title=&#8221;toto&#8221; tiles=&#8221;%5B%7B%22tile_title%22%3A%22Portal%20Pracownika%22%2C%22tile_link%22%3A%22https%3A%2F%2Fpp.us.edu.pl%2F%22%2C%22tile_bg_color%22%3A%22%23002E5A%22%2C%22tile_color%22%3A%22%23ffffff%22%2C%22tile_font_weight%22%3A%22bold%22%7D%2C%7B%22tile_title%22%3A%22Biblioteka%20Prawnicza%22%2C%22tile_link%22%3A%22https%3A%2F%2Fbp.us.edu.pl%2F%22%2C%22tile_bg_color%22%3A%22%23002E5A%22%2C%22tile_color%22%3A%22%23ffffff%22%2C%22tile_font_weight%22%3A%22bold%22%7D%2C%7B%22tile_title%22%3A%22Dydaktyczna%20Biblioteka%20Cyfrowa%22%2C%22tile_link%22%3A%22https%3A%2F%2Fwww.ciniba.edu.pl%2Fwiadomosci%2F987997-dydaktyczna-biblioteka-cyfrowa-us%22%2C%22tile_bg_color%22%3A%22%23002E5A%22%2C%22tile_color%22%3A%22%23ffffff%22%2C%22tile_font_weight%22%3A%22bold%22%7D%2C%7B%22tile_title%22%3A%22RE-BU%C5%9A%22%2C%22tile_link%22%3A%22https%3A%2F%2Frebus.us.edu.pl%2F%22%2C%22tile_bg_color%22%3A%22%23002E5A%22%2C%22tile_color%22%3A%22%23ffffff%22%2C%22tile_font_weight%22%3A%22bold%22%7D%2C%7B%22tile_title%22%3A%22PBN%22%2C%22tile_link%22%3A%22https%3A%2F%2Fpbn.nauka.gov.pl%2Fcore%2F%23%2Fhome%22%2C%22tile_bg_color%22%3A%22%23002E5A%22%2C%22tile_color%22%3A%22%23ffffff%22%2C%22tile_font_weight%22%3A%22bold%22%7D%2C%7B%22tile_title%22%3A%22ResearchGate%22%2C%22tile_link%22%3A%22https%3A%2F%2Fwww.researchgate.net%2F%22%2C%22tile_bg_color%22%3A%22%23002E5A%22%2C%22tile_color%22%3A%22%23ffffff%22%2C%22tile_font_weight%22%3A%22bold%22%7D%2C%7B%22tile_title%22%3A%22ORCID%22%2C%22tile_link%22%3A%22https%3A%2F%2Forcid.org%2F%22%2C%22tile_bg_color%22%3A%22%23002E5A%22%2C%22tile_color%22%3A%22%23ffffff%22%2C%22tile_font_weight%22%3A%22bold%22%7D%2C%7B%22tile_title%22%3A%22GoogleScholar%22%2C%22tile_link%22%3A%22https%3A%2F%2Fscholar.google.com%2F%20%22%2C%22tile_bg_color%22%3A%22%23002E5A%22%2C%22tile_color%22%3A%22%23ffffff%22%2C%22tile_font_weight%22%3A%22bold%22%7D%5D&#8221; tiles_amount=&#8221;4&#8243; bg_color=&#8221;#ffffff&#8221;][vc_column][\/vc_column][\/vc_row] [&#8230;]<\/p>\n<p><a class=\"btn btn-secondary understrap-read-more-link\" href=\"https:\/\/us.edu.pl\/instytut\/inpr\/dla-pracownika\/\">Read More&#8230;<\/a><\/p>\n","protected":false},"author":107,"featured_media":0,"parent":0,"menu_order":0,"comment_status":"closed","ping_status":"closed","template":"","meta":{"_expiration-date-status":"saved","_expiration-date":0,"_expiration-date-type":"","_expiration-date-categories":[],"_expiration-date-options":[]},"acf":[],"_links":{"self":[{"href":"https:\/\/us.edu.pl\/instytut\/inpr\/wp-json\/wp\/v2\/pages\/734"}],"collection":[{"href":"https:\/\/us.edu.pl\/instytut\/inpr\/wp-json\/wp\/v2\/pages"}],"about":[{"href":"https:\/\/us.edu.pl\/instytut\/inpr\/wp-json\/wp\/v2\/types\/page"}],"author":[{"embeddable":true,"href":"https:\/\/us.edu.pl\/instytut\/inpr\/wp-json\/wp\/v2\/users\/107"}],"replies":[{"embeddable":true,"href":"https:\/\/us.edu.pl\/instytut\/inpr\/wp-json\/wp\/v2\/comments?post=734"}],"version-history":[{"count":10,"href":"https:\/\/us.edu.pl\/instytut\/inpr\/wp-json\/wp\/v2\/pages\/734\/revisions"}],"predecessor-version":[{"id":1654,"href":"https:\/\/us.edu.pl\/instytut\/inpr\/wp-json\/wp\/v2\/pages\/734\/revisions\/1654"}],"wp:attachment":[{"href":"https:\/\/us.edu.pl\/instytut\/inpr\/wp-json\/wp\/v2\/media?parent=734"}],"curies":[{"name":"wp","href":"https:\/\/api.w.org\/{rel}","templated":true}]}}