{"id":10282,"date":"2025-06-08T13:59:58","date_gmt":"2025-06-08T11:59:58","guid":{"rendered":"https:\/\/us.edu.pl\/instytut\/ip\/?page_id=10282"},"modified":"2025-06-08T13:59:58","modified_gmt":"2025-06-08T11:59:58","slug":"nawyki-zdrowotne-a-obraz-ciala-kobiet-w-ciazy","status":"publish","type":"page","link":"https:\/\/us.edu.pl\/instytut\/ip\/nauka\/zespoly-badawcze\/projekty-naukowe-2\/pregnancy-parenthoodlab-prepare-lab\/aktualne-projekty-prepare-lab\/nawyki-zdrowotne-a-obraz-ciala-kobiet-w-ciazy\/","title":{"rendered":"Nawyki zdrowotne a obraz cia\u0142a kobiet w ci\u0105\u017cy"},"content":{"rendered":"<p>[vc_row][vc_column]\r\n                <div class=\"text-modules \">\r\n                    <div class=\"container\">\r\n                         \r\n                        <div class=\"row m-0\">\r\n                            <div class=\"text-modules__content\">\r\n                                <\/p>\n<p style=\"text-align: justify;\"><span style=\"font-size: 14pt;\" data-teams=\"true\"><strong>Tytu\u0142:<\/strong> Nawyki zdrowotne a obraz cia\u0142a kobiet w ci\u0105\u017cy<\/span><\/p>\n<p>Celem planowanego badania jest lepsze zrozumienie nawyk\u00f3w zdrowotnych i sposobu, w jaki kobiety w ci\u0105\u017cy postrzegaj\u0105 swoje zmieniaj\u0105ce si\u0119 cia\u0142o.<\/p>\n<p style=\"text-align: justify;\"><span style=\"font-size: 14pt;\"><strong>Nadz\u00f3r merytoryczny:\u00a0<\/strong> dr Anna Ko\u0142odziej-Zaleska, prof. U\u015a<\/span><\/p>\n<p style=\"text-align: justify;\"><span style=\"font-size: 14pt;\" data-teams=\"true\"><strong>Kontakt:<\/strong> kinga.krawczyk1@o365.us.edu.pl<\/span><\/p>\n<div class=\"mt-3\"><\/div>\r\n                            <\/div>\r\n                            \r\n                            <div class=\"text-modules__img\"><img src=\"https:\/\/us.edu.pl\/instytut\/ip\/wp-content\/uploads\/sites\/33\/Nieprzypisane\/camylla-battani-son4VHt4Ld0-unsplash.jpg\" alt=\"img\"><\/div>\r\n                        <\/div>\r\n                    <\/div>\r\n                <\/div>[\/vc_column][\/vc_row]<\/p>","protected":false},"excerpt":{"rendered":"<p>[vc_row][vc_column][\/vc_column][\/vc_row] [&#8230;]<\/p>\n<p><a class=\"btn btn-secondary understrap-read-more-link\" href=\"https:\/\/us.edu.pl\/instytut\/ip\/nauka\/zespoly-badawcze\/projekty-naukowe-2\/pregnancy-parenthoodlab-prepare-lab\/aktualne-projekty-prepare-lab\/nawyki-zdrowotne-a-obraz-ciala-kobiet-w-ciazy\/\">Read More&#8230;<\/a><\/p>\n","protected":false},"author":159,"featured_media":0,"parent":4879,"menu_order":0,"comment_status":"closed","ping_status":"closed","template":"","meta":{"_expiration-date-status":"","_expiration-date":0,"_expiration-date-type":"","_expiration-date-categories":[],"_expiration-date-options":[]},"acf":[],"_links":{"self":[{"href":"https:\/\/us.edu.pl\/instytut\/ip\/wp-json\/wp\/v2\/pages\/10282"}],"collection":[{"href":"https:\/\/us.edu.pl\/instytut\/ip\/wp-json\/wp\/v2\/pages"}],"about":[{"href":"https:\/\/us.edu.pl\/instytut\/ip\/wp-json\/wp\/v2\/types\/page"}],"author":[{"embeddable":true,"href":"https:\/\/us.edu.pl\/instytut\/ip\/wp-json\/wp\/v2\/users\/159"}],"replies":[{"embeddable":true,"href":"https:\/\/us.edu.pl\/instytut\/ip\/wp-json\/wp\/v2\/comments?post=10282"}],"version-history":[{"count":1,"href":"https:\/\/us.edu.pl\/instytut\/ip\/wp-json\/wp\/v2\/pages\/10282\/revisions"}],"predecessor-version":[{"id":10283,"href":"https:\/\/us.edu.pl\/instytut\/ip\/wp-json\/wp\/v2\/pages\/10282\/revisions\/10283"}],"up":[{"embeddable":true,"href":"https:\/\/us.edu.pl\/instytut\/ip\/wp-json\/wp\/v2\/pages\/4879"}],"wp:attachment":[{"href":"https:\/\/us.edu.pl\/instytut\/ip\/wp-json\/wp\/v2\/media?parent=10282"}],"curies":[{"name":"wp","href":"https:\/\/api.w.org\/{rel}","templated":true}]}}