{"id":210,"date":"2019-12-01T15:32:11","date_gmt":"2019-12-01T14:32:11","guid":{"rendered":"http:\/\/us.edu.pl\/instytut\/ip\/?page_id=210"},"modified":"2026-04-15T10:40:16","modified_gmt":"2026-04-15T08:40:16","slug":"pracownicy","status":"publish","type":"page","link":"https:\/\/us.edu.pl\/instytut\/ip\/przykladowa-strona\/instytut\/pracownicy\/","title":{"rendered":"pracownicy"},"content":{"rendered":"<p>[vc_row][vc_column]\r\n                <div class=\"text-modules\">\r\n                    <div class=\"container\">\r\n                        <h3 class=\"page-title text__title\">Pracownicy Instytutu Psychologii - pracownicy badawczo-dydaktyczni<\/h3>\r\n                        <div class=\"text-modules__content\"><\/div>\r\n                    <\/div>\r\n                <\/div>[\/vc_column][\/vc_row][vc_row gap=&#8221;5&#8243; content_placement=&#8221;top&#8221; el_class=&#8221;container&#8221;][vc_column width=&#8221;2\/4&#8243;]\r\n            <div class=\"container\">  \r\n                <div class=\"lists-with-links\">\r\n                    <div class=\"section-title\"><\/div>\r\n                   <div class=\"lists-with-links__items lists-2\"><ul class=\"angle-list\"> <li> <a href=\"https:\/\/us.edu.pl\/instytut\/ip\/osoby\/prof-zw-dr-hab-barbara-kozusznik\/\"> prof. dr hab. Barbara Ko\u017cusznik <\/a> <\/li><li> <a href=\"https:\/\/us.edu.pl\/instytut\/ip\/osoby\/dr-hab-prof-us-irena-pilch\/\"> prof. dr hab. Irena Pilch <\/a> <\/li><li> <a href=\"https:\/\/us.edu.pl\/instytut\/ip\/osoby\/dr-hab-michalina-ilska\/\"> dr hab. Michalina Ilska, prof. U\u015a <\/a> <\/li><li> <a href=\"https:\/\/us.edu.pl\/instytut\/ip\/osoby\/dr-lukasz-jach\/\"> dr hab. \u0141ukasz Jach, prof.U\u015a <\/a> <\/li><li> <a href=\"https:\/\/us.edu.pl\/instytut\/ip\/osoby\/690\/\"> dr hab. Mariola Paruzel-Czachura, prof. U\u015a <\/a> <\/li><li> <a href=\"https:\/\/us.edu.pl\/instytut\/ip\/osoby\/dr-monika-stojek-prof-us\/\"> dr hab. Monika Stojek, prof. U\u015a <\/a> <\/li><li> <a href=\"https:\/\/us.edu.pl\/instytut\/ip\/osoby\/dr-hab-katarzyna-slebarska\/\"> dr hab. Katarzyna \u015alebarska, prof. U\u015a  <\/a> <\/li><li> <a href=\"https:\/\/us.edu.pl\/instytut\/ip\/osoby\/dr-hab-elzbieta-turska\/\"> dr hab. El\u017cbieta Turska,  prof. U\u015a <\/a> <\/li><\/ul><ul class=\"angle-list\"> <li> <a href=\"https:\/\/us.edu.pl\/instytut\/ip\/osoby\/dr-edyta-charzynska\/\"> dr Edyta Charzy\u0144ska, prof. U\u015a <\/a> <\/li><li> <a href=\"https:\/\/us.edu.pl\/instytut\/ip\/osoby\/dr-dagna-kocur\/\"> dr Dagna Kocur, prof. U\u015a <\/a> <\/li><li> <a href=\"https:\/\/us.edu.pl\/instytut\/ip\/osoby\/dr-anna-kolodziej-zaleska\/\"> dr Anna Ko\u0142odziej-Zaleska, prof. U\u015a <\/a> <\/li><li> <a href=\"https:\/\/us.edu.pl\/instytut\/ip\/osoby\/mgr-mateusz-paliga\/\"> dr Mateusz Paliga, prof. U\u015a <\/a> <\/li><li> <a href=\"https:\/\/us.edu.pl\/instytut\/ip\/osoby\/dr-anita-pollak\/\"> dr Anita Pollak, prof. U\u015a <\/a> <\/li><li> <a href=\"https:\/\/us.edu.pl\/instytut\/ip\/osoby\/mgr-anna-pyszkowska\/\"> dr Anna Pyszkowska, prof. U\u015a <\/a> <\/li><li> <a href=\"https:\/\/us.edu.pl\/instytut\/ip\/osoby\/dr-agnieszka-skorupa\/\"> dr Agnieszka Skorupa, prof. U\u015a <\/a> <\/li><\/ul><\/div>\r\n                <\/div>\r\n            <\/div>[\/vc_column][vc_column width=&#8221;1\/4&#8243;]\r\n            <div class=\"container\">  \r\n                <div class=\"lists-with-links\">\r\n                    <div class=\"section-title\"><\/div>\r\n                   <div class=\"lists-with-links__items lists-1\"><ul class=\"angle-list\"> <li> <a href=\"https:\/\/us.edu.pl\/instytut\/ip\/osoby\/dr-elzbieta-biolik\/\"> dr El\u017cbieta Biolik <\/a> <\/li><li> <a href=\"https:\/\/us.edu.pl\/instytut\/ip\/osoby\/mgr-anna-brandt-salmeri\/\"> dr Anna Brandt-Salmeri <\/a> <\/li><li> <a href=\"https:\/\/us.edu.pl\/instytut\/ip\/osoby\/dr-artur-domurat\/\"> dr Artur Domurat <\/a> <\/li><li> <a href=\"https:\/\/us.edu.pl\/instytut\/ip\/osoby\/dr-wiola-friedrich\/\"> dr Wiola Friedrich-Pyrak <\/a> <\/li><li> <a href=\"https:\/\/us.edu.pl\/instytut\/ip\/osoby\/3641\/\"> dr Magdalena Hyla <\/a> <\/li><li> <a href=\"https:\/\/us.edu.pl\/instytut\/ip\/osoby\/mgr-tomasz-jakubowski\/\"> dr Tomasz Jakubowski <\/a> <\/li><li> <a href=\"https:\/\/us.edu.pl\/instytut\/ip\/osoby\/dr-marcin-moron\/\"> dr Marcin Moro\u0144 <\/a> <\/li><li> <a href=\"https:\/\/us.edu.pl\/instytut\/ip\/osoby\/dr-magdalena-rode\/\"> dr Magdalena Rode  <\/a> <\/li><li> <a href=\"https:\/\/us.edu.pl\/instytut\/ip\/osoby\/dr-jagoda-rozycka\/\"> dr Jagoda R\u00f3\u017cycka  <\/a> <\/li><li> <a href=\"https:\/\/us.edu.pl\/instytut\/ip\/osoby\/mgr-magdalena-sitko-dominik\/\"> dr Magdalena Sitko-Dominik <\/a> <\/li><li> <a href=\"https:\/\/us.edu.pl\/instytut\/ip\/osoby\/dr-marta-stasila-sieradzka\/\"> dr Marta Stasi\u0142a-Sieradzka <\/a> <\/li><li> <a href=\"https:\/\/us.edu.pl\/instytut\/ip\/osoby\/dr-aleksandra-zenda\/\"> dr Aleksandra \u017benda <\/a> <\/li><\/ul><\/div>\r\n                <\/div>\r\n            <\/div>[\/vc_column][vc_column width=&#8221;1\/4&#8243;]\r\n            <div class=\"container\">  \r\n                <div class=\"lists-with-links\">\r\n                    <div class=\"section-title\"><\/div>\r\n                   <div class=\"lists-with-links__items lists-1\"><ul class=\"angle-list\"> <li> <a href=\"https:\/\/us.edu.pl\/instytut\/ip\/osoby\/mgr-krystyna-buszman\/\"> mgr Krystyna Buszman <\/a> <\/li><li> <a href=\"https:\/\/us.edu.pl\/instytut\/ip\/osoby\/mgr-justyna-lipka\/\"> mgr Justyna Lipka <\/a> <\/li><li> <a href=\"https:\/\/us.edu.pl\/instytut\/ip\/osoby\/mgr-ari-nowacki\/\"> mgr Ari Nowacki <\/a> <\/li><li> <a href=\"https:\/\/us.edu.pl\/instytut\/ip\/osoby\/mgr-zuzanna-schneider\/\"> mgr Zuzanna Schneider <\/a> <\/li><li> <a href=\"https:\/\/us.edu.pl\/instytut\/ip\/osoby\/mgr-paulina-wardawy-dudziak\/\"> mgr Paulina Wardawy-Dudziak <\/a> <\/li><\/ul><\/div>\r\n                <\/div>\r\n            <\/div>[\/vc_column][\/vc_row][vc_row][vc_column]<div class=\"container\"><div class=\"separator\" style=\"background-color: #EBEBEB\"><\/div><\/div>\r\n\r\n            <div class=\"blocks\" style=\"text-align: \">\r\n               <div class=\"container\">\r\n                  \r\n                  <div class=\"row m-0 blocks_3\">\r\n                  \r\n                     <a href=\"https:\/\/us.edu.pl\/instytut\/ip\/nauka\/tematy-badawcze-instytut-psychologii-us\/\" class=\"thumbnail blocks__item\" style=\"background-image: url(https:\/\/us.edu.pl\/instytut\/ip\/wp-content\/uploads\/sites\/33\/Nieprzypisane\/3nEgz1643049723-1024x683.png)\">\r\n                        <span>wi\u0119cej<\/span>\r\n                        <div class=\"blocks__bottom\">\r\n                        <div class=\"blocks__title\">Tematy Badawcze 2025<\/div>\r\n                        \r\n                        <\/div>\r\n                     <\/a><\/div>     \r\n               <\/div>\r\n            <\/div><div class=\"container\"><div class=\"separator\" style=\"background-color: #EBEBEB\"><\/div><\/div>[\/vc_column][\/vc_row][vc_row][vc_column]\r\n                <div class=\"text-modules\">\r\n                    <div class=\"container\">\r\n                        <h3 class=\"page-title text__title\">Pracownicy Instytutu Psychologii - pracownicy dydaktyczni<\/h3>\r\n                        <div class=\"text-modules__content\"><\/div>\r\n                    <\/div>\r\n                <\/div>[\/vc_column][\/vc_row][vc_row gap=&#8221;5&#8243; content_placement=&#8221;top&#8221; el_class=&#8221;container&#8221;][vc_column width=&#8221;1\/4&#8243;]<div class=\"container\"><div class=\"separator\" style=\"background-color: #ebebeb\"><\/div><\/div>\r\n            <div class=\"container\">  \r\n                <div class=\"lists-with-links\">\r\n                    <div class=\"section-title\"><\/div>\r\n                   <div class=\"lists-with-links__items lists-1\"><ul class=\"angle-list\"> <li> <a href=\"https:\/\/us.edu.pl\/instytut\/ip\/osoby\/dr-michal-brol\/\"> dr Micha\u0142 Brol, prof. U\u015a <\/a> <\/li><li> <a href=\"https:\/\/us.edu.pl\/instytut\/ip\/osoby\/dr-bozek-maciej-prof-us\/\"> dr Maciej Bo\u017cek, prof. U\u015a <\/a> <\/li><li> <a href=\"https:\/\/us.edu.pl\/instytut\/ip\/osoby\/dr-joanna-mateusiak-prof-us\/\"> dr Joanna Mateusiak, prof. U\u015a <\/a> <\/li><\/ul><\/div>\r\n                <\/div>\r\n            <\/div>[\/vc_column][vc_column width=&#8221;1\/2&#8243;]<div class=\"container\"><div class=\"separator\" style=\"background-color: #EBEBEB\"><\/div><\/div>\r\n            <div class=\"container\">  \r\n                <div class=\"lists-with-links\">\r\n                    <div class=\"section-title\"><\/div>\r\n                   <div class=\"lists-with-links__items lists-2\"><ul class=\"angle-list\"> <li> <a href=\"https:\/\/us.edu.pl\/instytut\/ip\/osoby\/dr-karina-atlas\/\"> dr Karina At\u0142as <\/a> <\/li><li> <a href=\"https:\/\/us.edu.pl\/instytut\/ip\/osoby\/dr-magdalena-bolek-kochanowska\/\"> dr Magdalena Bolek-Kochanowska  <\/a> <\/li><li> <a href=\"https:\/\/us.edu.pl\/instytut\/ip\/osoby\/dr-marianna-dabrowska-wnuk\/\"> dr Marianna D\u0105browska-Wnuk <\/a> <\/li><li> <a href=\"https:\/\/us.edu.pl\/instytut\/ip\/osoby\/dr-maciej-janowski\/\"> dr Maciej Janowski <\/a> <\/li><\/ul><ul class=\"angle-list\"> <li> <a href=\"https:\/\/us.edu.pl\/instytut\/ip\/osoby\/dr-joanna-kucharewicz\/\"> dr Joanna Kucharewicz <\/a> <\/li><li> <a href=\"https:\/\/us.edu.pl\/instytut\/ip\/osoby\/dr-anna-latusek\/\"> dr Anna Latusek <\/a> <\/li><li> <a href=\"https:\/\/us.edu.pl\/instytut\/ip\/osoby\/dr-izabela-rajska-kulik\/\"> dr Izabela Rajska-Kulik  <\/a> <\/li><li> <a href=\"https:\/\/us.edu.pl\/instytut\/ip\/osoby\/dr-teresa-sikora\/\"> dr Teresa Sikora <\/a> <\/li><li> <a href=\"https:\/\/us.edu.pl\/instytut\/ip\/osoby\/dr-justyna-trepka-starosta\/\"> dr Justyna Trepka-Starosta <\/a> <\/li><\/ul><\/div>\r\n                <\/div>\r\n            <\/div>[\/vc_column][vc_column width=&#8221;1\/4&#8243;]<div class=\"container\"><div class=\"separator\" style=\"background-color: #ebebeb\"><\/div><\/div>\r\n            <div class=\"container\">  \r\n                <div class=\"lists-with-links\">\r\n                    <div class=\"section-title\"><\/div>\r\n                   <div class=\"lists-with-links__items lists-1\"><ul class=\"angle-list\"> <li> <a href=\"https:\/\/us.edu.pl\/instytut\/ip\/osoby\/mgr-anna-jazlowska\/\"> mgr Anna Jaz\u0142owska <\/a> <\/li><\/ul><\/div>\r\n                <\/div>\r\n            <\/div>[\/vc_column][\/vc_row][vc_row][vc_column]<div class=\"container\"><div class=\"separator\" style=\"background-color: #EBEBEB\"><\/div><\/div>[\/vc_column][\/vc_row][vc_row][vc_column]\r\n                    <div class=\"locations\">\r\n                        <div class=\"container\">\r\n                            <div class=\"row\">\r\n                            \r\n                        <div class=\"col-lg-3 col-md-3 col-sm-6 col-6\">\r\n                            <a href=\"https:\/\/us.edu.pl\/wydzial\/wns\/dyzury-pracownikow-instytutu-psychologii\/\" class=\"location__item\">\r\n                                <em class=\"fa fa-map-marker\"><\/em>\r\n                                <div class=\"location__name\">Dy\u017cury pracownik\u00f3w<\/div>\r\n                            <\/a>\r\n                        <\/div> \r\n                        <div class=\"col-lg-3 col-md-3 col-sm-6 col-6\">\r\n                            <a href=\"https:\/\/pp.us.edu.pl\/?_s=1\" class=\"location__item\">\r\n                                <em class=\"fa fa-map-marker\"><\/em>\r\n                                <div class=\"location__name\">Portal pracownika<\/div>\r\n                            <\/a>\r\n                        <\/div> \r\n                        <div class=\"col-lg-3 col-md-3 col-sm-6 col-6\">\r\n                            <a href=\"https:\/\/opus.us.edu.pl\/index.seam\" class=\"location__item\">\r\n                                <em class=\"fa fa-map-marker\"><\/em>\r\n                                <div class=\"location__name\">Portal zarz\u0105dzania wiedz\u0105 i potencja\u0142em badawczym U\u015a OPUS<\/div>\r\n                            <\/a>\r\n                        <\/div> \r\n                            <\/div>\r\n                        <\/div>\r\n                    <\/div> [\/vc_column][\/vc_row]<\/p>","protected":false},"excerpt":{"rendered":"<p>[vc_row][vc_column][\/vc_column][\/vc_row][vc_row gap=&#8221;5&#8243; content_placement=&#8221;top&#8221; el_class=&#8221;container&#8221;][vc_column width=&#8221;2\/4&#8243;][\/vc_column][vc_column width=&#8221;1\/4&#8243;][\/vc_column][vc_column width=&#8221;1\/4&#8243;][\/vc_column][\/vc_row][vc_row][vc_column][\/vc_column][\/vc_row][vc_row][vc_column][\/vc_column][\/vc_row][vc_row gap=&#8221;5&#8243; content_placement=&#8221;top&#8221; el_class=&#8221;container&#8221;][vc_column width=&#8221;1\/4&#8243;][\/vc_column][vc_column width=&#8221;1\/2&#8243;][\/vc_column][vc_column width=&#8221;1\/4&#8243;][\/vc_column][\/vc_row][vc_row][vc_column][\/vc_column][\/vc_row][vc_row][vc_column][\/vc_column][\/vc_row] [&#8230;]<\/p>\n<p><a class=\"btn btn-secondary understrap-read-more-link\" href=\"https:\/\/us.edu.pl\/instytut\/ip\/przykladowa-strona\/instytut\/pracownicy\/\">Read More&#8230;<\/a><\/p>\n","protected":false},"author":159,"featured_media":0,"parent":544,"menu_order":0,"comment_status":"closed","ping_status":"closed","template":"","meta":{"_expiration-date-status":"","_expiration-date":0,"_expiration-date-type":"","_expiration-date-categories":[],"_expiration-date-options":[]},"acf":[],"_links":{"self":[{"href":"https:\/\/us.edu.pl\/instytut\/ip\/wp-json\/wp\/v2\/pages\/210"}],"collection":[{"href":"https:\/\/us.edu.pl\/instytut\/ip\/wp-json\/wp\/v2\/pages"}],"about":[{"href":"https:\/\/us.edu.pl\/instytut\/ip\/wp-json\/wp\/v2\/types\/page"}],"author":[{"embeddable":true,"href":"https:\/\/us.edu.pl\/instytut\/ip\/wp-json\/wp\/v2\/users\/159"}],"replies":[{"embeddable":true,"href":"https:\/\/us.edu.pl\/instytut\/ip\/wp-json\/wp\/v2\/comments?post=210"}],"version-history":[{"count":11,"href":"https:\/\/us.edu.pl\/instytut\/ip\/wp-json\/wp\/v2\/pages\/210\/revisions"}],"predecessor-version":[{"id":11338,"href":"https:\/\/us.edu.pl\/instytut\/ip\/wp-json\/wp\/v2\/pages\/210\/revisions\/11338"}],"up":[{"embeddable":true,"href":"https:\/\/us.edu.pl\/instytut\/ip\/wp-json\/wp\/v2\/pages\/544"}],"wp:attachment":[{"href":"https:\/\/us.edu.pl\/instytut\/ip\/wp-json\/wp\/v2\/media?parent=210"}],"curies":[{"name":"wp","href":"https:\/\/api.w.org\/{rel}","templated":true}]}}