{"id":4429,"date":"2022-05-27T16:26:08","date_gmt":"2022-05-27T14:26:08","guid":{"rendered":"https:\/\/us.edu.pl\/instytut\/ip\/?page_id=4429"},"modified":"2022-06-21T16:28:04","modified_gmt":"2022-06-21T14:28:04","slug":"laboratorium-traumy-zdrowia-i-odzywiania-thrive-lab","status":"publish","type":"page","link":"https:\/\/us.edu.pl\/instytut\/ip\/nauka\/zespoly-badawcze\/projekty-naukowe-2\/laboratorium-traumy-zdrowia-i-odzywiania-thrive-lab\/","title":{"rendered":"Laboratorium Traumy, Zdrowia i Od\u017cywiania (THrivE Lab)"},"content":{"rendered":"<p>[vc_row][vc_column]\r\n                <div class=\"text-modules \">\r\n                    <div class=\"container\">\r\n                        <h3 class=\"section-title section-title_border-bottom\">Badanie stresu, zdrowia i od\u017cywiania \u2013 Cz\u0119\u015b\u0107 I<\/h3> \r\n                        <div class=\"row m-0\">\r\n                            <div class=\"text-modules__content\">\r\n                                <\/p>\n<p style=\"text-align: justify;\"><span style=\"font-size: 14pt;\">Laboratorium Traumy, Zdrowia i Od\u017cywiania (THrivE Lab) na Uniwersytecie \u015al\u0105skim rekrutuje uczestnik\u00f3w do badania zwi\u0105zk\u00f3w pomi\u0119dzy stresem a zdrowiem. W ramach tego badania, uczestnicy odpowiedz\u0105 na seri\u0119 pyta\u0144 na internecie dotycz\u0105cych ich do\u015bwiadczania stresu, od\u017cywiania i nawyk\u00f3w zdrowotnych.<\/span><\/p>\n<p style=\"text-align: justify;\"><span style=\"font-size: 14pt;\">Je\u017celi<\/span><\/p>\n<ul style=\"text-align: justify;\">\n<li><span style=\"font-size: 14pt;\">Masz 18 \u2013 55 lat,<\/span><\/li>\n<li><span style=\"font-size: 14pt;\">Nie jeste\u015b w ci\u0105\u017cy lub w okresie laktacji,<\/span><\/li>\n<li><span style=\"font-size: 14pt;\">Chcia\u0142(a)by\u015b otrzyma\u0107 materia\u0142y dotycz\u0105ce zarz\u0105dzania stresem i utrzymywania zdrowej wagi oraz zosta\u0107 w\u0142\u0105czon\u0105\/ym do losowania nagr\u00f3d pieni\u0119\u017cnych w wysoko\u015bci 166 z\u0142 netto (200 z\u0142 brutto),<\/span><\/li>\n<li><span style=\"font-size: 14pt;\">Chcia\u0142by\u015b mie\u0107 szans\u0119 by\u0107 zaproszonymi na badanie w Laboratorium THrivE na Uniwersytecie \u015al\u0105skim, w ramach kt\u00f3rego otrzymasz \u0142\u0105cznie 250 z\u0142 netto oraz wyniki bada\u0144 krwi obejmuj\u0105ce lipidogram, oraz poziomy glukozy i bia\u0142ka C-reaktywnego (CRP),<\/span><\/li>\n<\/ul>\n<p style=\"text-align: justify;\"><span style=\"font-size: 14pt;\">Zapraszamy do wype\u0142nienia tej 30-minutowej ankiety tutaj: <a href=\"https:\/\/badania.paad.us.edu.pl\/index.php\/282743?lang=pl\">https:\/\/badania.paad.us.edu.pl\/index.php\/282743?lang=pl<\/a>.<\/span><\/p>\n<p>\u00a0 \r\n                                <div class=\"mt-3\"><\/div>\r\n                            <\/div>\r\n                            \r\n                            <div class=\"text-modules__img\"><img src=\"https:\/\/us.edu.pl\/instytut\/ip\/wp-content\/uploads\/sites\/33\/zdjecia\/fernando-cferdophotography-6x2iKGi6SPU-unsplash1.jpg\" alt=\"img\"><\/div>\r\n                        <\/div>\r\n                    <\/div>\r\n                <\/div>[\/vc_column][\/vc_row][vc_row][vc_column][vc_column_text][\/vc_column_text][\/vc_column][\/vc_row]<\/p>","protected":false},"excerpt":{"rendered":"<p>[vc_row][vc_column][\/vc_column][\/vc_row][vc_row][vc_column][vc_column_text][\/vc_column_text][\/vc_column][\/vc_row] [&#8230;]<\/p>\n<p><a class=\"btn btn-secondary understrap-read-more-link\" href=\"https:\/\/us.edu.pl\/instytut\/ip\/nauka\/zespoly-badawcze\/projekty-naukowe-2\/laboratorium-traumy-zdrowia-i-odzywiania-thrive-lab\/\">Read More&#8230;<\/a><\/p>\n","protected":false},"author":159,"featured_media":0,"parent":3207,"menu_order":0,"comment_status":"closed","ping_status":"closed","template":"page-templates\/page-with-bookmarks.php","meta":{"_expiration-date-status":"","_expiration-date":0,"_expiration-date-type":"","_expiration-date-categories":[],"_expiration-date-options":[]},"acf":[],"_links":{"self":[{"href":"https:\/\/us.edu.pl\/instytut\/ip\/wp-json\/wp\/v2\/pages\/4429"}],"collection":[{"href":"https:\/\/us.edu.pl\/instytut\/ip\/wp-json\/wp\/v2\/pages"}],"about":[{"href":"https:\/\/us.edu.pl\/instytut\/ip\/wp-json\/wp\/v2\/types\/page"}],"author":[{"embeddable":true,"href":"https:\/\/us.edu.pl\/instytut\/ip\/wp-json\/wp\/v2\/users\/159"}],"replies":[{"embeddable":true,"href":"https:\/\/us.edu.pl\/instytut\/ip\/wp-json\/wp\/v2\/comments?post=4429"}],"version-history":[{"count":3,"href":"https:\/\/us.edu.pl\/instytut\/ip\/wp-json\/wp\/v2\/pages\/4429\/revisions"}],"predecessor-version":[{"id":4444,"href":"https:\/\/us.edu.pl\/instytut\/ip\/wp-json\/wp\/v2\/pages\/4429\/revisions\/4444"}],"up":[{"embeddable":true,"href":"https:\/\/us.edu.pl\/instytut\/ip\/wp-json\/wp\/v2\/pages\/3207"}],"wp:attachment":[{"href":"https:\/\/us.edu.pl\/instytut\/ip\/wp-json\/wp\/v2\/media?parent=4429"}],"curies":[{"name":"wp","href":"https:\/\/api.w.org\/{rel}","templated":true}]}}