{"id":4970,"date":"2022-11-30T17:44:33","date_gmt":"2022-11-30T16:44:33","guid":{"rendered":"https:\/\/us.edu.pl\/instytut\/ip\/?page_id=4970"},"modified":"2024-05-28T17:10:06","modified_gmt":"2024-05-28T15:10:06","slug":"adaptacja-do-macierzynstwa-i-jej-korelaty","status":"publish","type":"page","link":"https:\/\/us.edu.pl\/instytut\/ip\/nauka\/zespoly-badawcze\/projekty-naukowe-2\/pregnancy-parenthoodlab-prepare-lab\/aktualne-projekty-prepare-lab\/adaptacja-do-macierzynstwa-i-jej-korelaty\/","title":{"rendered":"Adaptacja do macierzy\u0144stwa i jej korelaty"},"content":{"rendered":"<p>[vc_row][vc_column]\r\n                <div class=\"text-modules \">\r\n                    <div class=\"container\">\r\n                         \r\n                        <div class=\"row m-0\">\r\n                            <div class=\"text-modules__content\">\r\n                                <\/p>\n<p style=\"text-align: justify;\"><span style=\"font-size: 14pt;\"><strong>Tytu\u0142:<\/strong> Adaptacja do macierzy\u0144stwa i jej korelaty<\/span><\/p>\n<p style=\"text-align: justify;\"><span style=\"font-size: 14pt;\"><strong>Czas realizacji badania:<\/strong> Luty 2023<\/span><\/p>\n<p style=\"text-align: justify;\"><span style=\"font-size: 14pt;\"><strong>Realizacja projektu:<\/strong> Aleksandra Stempie\u0144<\/span><\/p>\n<p style=\"text-align: justify;\"><span style=\"font-size: 14pt;\"><strong>Nadz\u00f3r merytoryczny:<\/strong> dr Anna Ko\u0142odziej-Zaleska<\/span><\/p>\n<p style=\"text-align: justify;\"><span style=\"font-size: 14pt;\"><strong>Kontakt:<\/strong> \u00a0<a href=\"mailto:a.stempien99@interia.pl\">a.stempien99@interia.pl<\/a><\/span><\/p>\n<p><span style=\"font-size: 14pt;\"><strong>Kr\u00f3tki opis projektu:\u00a0<\/strong><\/span><\/p>\n<p style=\"text-align: justify;\"><span style=\"font-size: 14pt;\">Pojawienie si\u0119 dziecka jest czasem szczeg\u00f3lnie stresuj\u0105cym, wymuszaj\u0105cym na kobietach szereg zmian w dotychczasowym sposobie funkcjonowania. Okres ten wymaga dostosowania do zupe\u0142nie nowej rzeczywisto\u015bci, w kt\u00f3rej na pierwszy plan wysuwa si\u0119 opieka nad dzieckiem. Celem badania jest przeprowadzenie adaptacji kwestionariusza, kt\u00f3ry pozwoli na dok\u0142adne przyjrzenie si\u0119 zmianom jakich do\u015bwiadczaj\u0105 kobiety w okresie przej\u015bcia do macierzy\u0144stwa.<\/span><\/p>\n<div class=\"mt-3\"><\/div>\r\n                            <\/div>\r\n                            \r\n                            <div class=\"text-modules__img\"><img src=\"https:\/\/us.edu.pl\/instytut\/ip\/wp-content\/uploads\/sites\/33\/zdjecia\/zach-lucero-fwjsBPbRm4g-unsplash.jpg\" alt=\"img\"><\/div>\r\n                        <\/div>\r\n                    <\/div>\r\n                <\/div>[\/vc_column][\/vc_row]<\/p>","protected":false},"excerpt":{"rendered":"<p>[vc_row][vc_column][\/vc_column][\/vc_row] [&#8230;]<\/p>\n<p><a class=\"btn btn-secondary understrap-read-more-link\" href=\"https:\/\/us.edu.pl\/instytut\/ip\/nauka\/zespoly-badawcze\/projekty-naukowe-2\/pregnancy-parenthoodlab-prepare-lab\/aktualne-projekty-prepare-lab\/adaptacja-do-macierzynstwa-i-jej-korelaty\/\">Read More&#8230;<\/a><\/p>\n","protected":false},"author":159,"featured_media":4971,"parent":4879,"menu_order":0,"comment_status":"closed","ping_status":"closed","template":"","meta":{"_expiration-date-status":"","_expiration-date":0,"_expiration-date-type":"","_expiration-date-categories":[],"_expiration-date-options":[]},"acf":[],"_links":{"self":[{"href":"https:\/\/us.edu.pl\/instytut\/ip\/wp-json\/wp\/v2\/pages\/4970"}],"collection":[{"href":"https:\/\/us.edu.pl\/instytut\/ip\/wp-json\/wp\/v2\/pages"}],"about":[{"href":"https:\/\/us.edu.pl\/instytut\/ip\/wp-json\/wp\/v2\/types\/page"}],"author":[{"embeddable":true,"href":"https:\/\/us.edu.pl\/instytut\/ip\/wp-json\/wp\/v2\/users\/159"}],"replies":[{"embeddable":true,"href":"https:\/\/us.edu.pl\/instytut\/ip\/wp-json\/wp\/v2\/comments?post=4970"}],"version-history":[{"count":3,"href":"https:\/\/us.edu.pl\/instytut\/ip\/wp-json\/wp\/v2\/pages\/4970\/revisions"}],"predecessor-version":[{"id":6488,"href":"https:\/\/us.edu.pl\/instytut\/ip\/wp-json\/wp\/v2\/pages\/4970\/revisions\/6488"}],"up":[{"embeddable":true,"href":"https:\/\/us.edu.pl\/instytut\/ip\/wp-json\/wp\/v2\/pages\/4879"}],"wp:featuredmedia":[{"embeddable":true,"href":"https:\/\/us.edu.pl\/instytut\/ip\/wp-json\/wp\/v2\/media\/4971"}],"wp:attachment":[{"href":"https:\/\/us.edu.pl\/instytut\/ip\/wp-json\/wp\/v2\/media?parent=4970"}],"curies":[{"name":"wp","href":"https:\/\/api.w.org\/{rel}","templated":true}]}}