{"id":4978,"date":"2022-12-05T14:34:58","date_gmt":"2022-12-05T13:34:58","guid":{"rendered":"https:\/\/us.edu.pl\/instytut\/ip\/?page_id=4978"},"modified":"2022-12-05T14:34:58","modified_gmt":"2022-12-05T13:34:58","slug":"i-cope-doswiadczenia-ciezarnych-w-dobie-pandemii-covid-19","status":"publish","type":"page","link":"https:\/\/us.edu.pl\/instytut\/ip\/nauka\/zespoly-badawcze\/projekty-naukowe-2\/pregnancy-parenthoodlab-prepare-lab\/aktualne-projekty-prepare-lab\/i-cope-doswiadczenia-ciezarnych-w-dobie-pandemii-covid-19\/","title":{"rendered":"I COPE &#8211; do\u015bwiadczenia ci\u0119\u017carnych w dobie pandemii COVID-19"},"content":{"rendered":"<p>[vc_row][vc_column]\r\n                <div class=\"text-modules \">\r\n                    <div class=\"container\">\r\n                        <h3 class=\"section-title section-title_border-bottom\">I COPE PROJECT - POLSKA<\/h3> \r\n                        <div class=\"row m-0\">\r\n                            <div class=\"text-modules__content\">\r\n                                <\/p>\n<p style=\"text-align: justify;\"><span style=\"font-size: 14pt;\"><strong>Kierownik projektu:<\/strong>\u00a0dr Michalina Ilska<\/span><\/p>\n<p style=\"text-align: justify;\"><span style=\"font-size: 14pt;\"><strong>Cz\u0142onkowie zespo\u0142u badawczego:<\/strong>\u00a0dr Anna Ko\u0142odziej-Zaleska (U\u015a), dr Anna Brandt-Salmerii (U\u015a),<\/span><\/p>\n<p style=\"text-align: justify;\"><span style=\"font-size: 14pt;\"><strong>Cel:\u00a0<\/strong>Celem pracy z\u00a0 jest ocena do\u015bwiadcze\u0144 i\u00a0 sposob\u00f3w radzenia sobie kobiet ci\u0119\u017carnych w dobie pandemii Covid-19.<\/span><\/p>\n<p style=\"text-align: justify;\"><span style=\"font-size: 14pt;\"><strong>Grupa badawcza:\u00a0<\/strong>3000 kobiet ci\u0119\u017carnych w 3 pierwszych falach pandemii COVID-19<\/span><\/p>\n<p style=\"text-align: justify;\"><span style=\"font-size: 14pt;\"><strong>Termin realizacji:\u00a0<\/strong>grudzie\u0144 2022 r.<\/span><\/p>\n<p style=\"text-align: justify;\"><span style=\"font-size: 14pt;\"><strong>Kontakt:\u00a0<\/strong>michalina.ilska@us.edu.pl<\/span><\/p>\n<p style=\"text-align: justify;\"><span style=\"font-size: 14pt;\"><strong>Publikacje:<\/strong><\/span><\/p>\n<p style=\"text-align: justify;\"><span style=\"font-size: 14pt;\">1\/\u00a0<strong>Ilska, M., Ko\u0142odziej-Zaleska, A., Brandt-Salmeri, A.,<\/strong>\u00a0Preis, H., &amp; Lobel, M. (2021). Pandemic-Related Pregnancy Stress Assessment\u2013Psychometric Properties of the Polish PREPS and its Relationship with Childbirth Fear.\u00a0<i>Midwifery<\/i>, 102940. doi:\u00a0<a href=\"https:\/\/doi.org\/10.1016\/j.midw.2021.102940\">https:\/\/doi.org\/10.1016\/j.midw.2021.102940<\/a>\u00a0<strong>Impact Factor = 2.372\/\u00a0<span class=\"aCOpRe\">MNiSW<\/span><\/strong><strong>: 100p.<\/strong><\/span><\/p>\n<p style=\"text-align: justify;\"><span style=\"font-size: 14pt;\">2\/\u00a0<strong>Ilska, M.; Ko\u0142odziej-Zaleska, A.; Brandt-Salmeri,<\/strong>\u00a0A.; Preis, H.; Lobel, M. (2021). Pandemic Stress and Its Correlates among Pregnant Women during the Second Wave of COVID-19 in Poland.\u00a0<em>Int. J. Environ. Res. Public Health<\/em>\u00a0<b>2021<\/b>,\u00a0<em>18<\/em>, 11140.\u00a0<a href=\"https:\/\/doi.org\/10.3390\/ijerph182111140\">https:\/\/doi.org\/10.3390\/ijerph182111140\u00a0<\/a><strong>Impact Factor = 3.390\/\u00a0<span class=\"aCOpRe\">MNiSW<\/span><\/strong><strong>: 140p.<\/strong><\/span><\/p>\n<p style=\"text-align: justify;\"><span style=\"font-size: 14pt;\">3\/\u00a0<strong>Ilska, M., Brandt-Salmeri, A., Ko\u0142odziej-Zaleska,<\/strong>\u00a0A.Preis, H., Rehbein, E., &amp; Lobel, M. (2022).<i><\/i>\u00a0Anxiety among pregnant women during the first wave of the COVID-19 pandemic in Poland.\u00a0<i>Scientific Reports<\/i>\u00a0<b>12,\u00a0<\/b>8445 (2022). https:\/\/doi.org\/10.1038\/s41598-022-12275-5\u00a0<strong>Impact Factor: 4.379; MEiN: 140p.<\/strong><\/span><\/p>\n<div class=\"mt-3\"><\/div>\r\n                            <\/div>\r\n                            \r\n                            <div class=\"text-modules__img\"><img src=\"https:\/\/us.edu.pl\/instytut\/ip\/wp-content\/uploads\/sites\/33\/zdjecia\/PNMS-COVID-Advertisment-just-women-2.png\" alt=\"img\"><\/div>\r\n                        <\/div>\r\n                    <\/div>\r\n                <\/div>[\/vc_column][\/vc_row][vc_row][vc_column]<div class=\"container\"><div class=\"separator\" style=\"background-color: #ebebeb\"><\/div><\/div>[\/vc_column][\/vc_row][vc_row][vc_column]\r\n                <div class=\"text-modules \">\r\n                    <div class=\"container\">\r\n                        <h3 class=\"section-title section-title_border-bottom\">I COPE PROJECT INTERNATIONAL<\/h3> \r\n                        <div class=\"row m-0\">\r\n                            <div class=\"text-modules__content\">\r\n                                <\/p>\n<p style=\"text-align: justify;\"><span style=\"font-size: 14pt;\"><strong>Kierownik projektu:\u00a0<\/strong>Marci Lobel, Ph.D.; Director, Stress And Reproduction (STAR) Lab Principal Investigator, Dr. Heidi Preis &amp; Dr. Brittain Mahaffey<\/span><\/p>\n<p style=\"text-align: justify;\"><span style=\"font-size: 14pt;\">The Stony Brook Pregnancy Project, Stony Brook University, USA<\/span><\/p>\n<p style=\"text-align: justify;\"><span style=\"font-size: 14pt;\"><strong>Cz\u0142onkowie zespo\u0142u badawczego PL:<\/strong>\u00a0dr Michalina Ilska, dr Anna Ko\u0142odziej-Zaleska (U\u015a), dr Anna Brandt-Salmerii (U\u015a),<\/span><\/p>\n<p style=\"text-align: justify;\"><span style=\"font-size: 14pt;\"><strong>O\u015brodki badawcze bior\u0105ce udzia\u0142 w projekcie:<\/strong><\/span><\/p>\n<p style=\"text-align: justify;\"><span style=\"font-size: 14pt;\">The Stony Brook University, USA;<\/span><\/p>\n<p style=\"text-align: justify;\"><span style=\"font-size: 14pt;\">Silesian University, Poland,<\/span><\/p>\n<p style=\"text-align: justify;\"><span style=\"font-size: 14pt;\">Heinrich-Heine University D\u00fcsseldorf, Germany;<\/span><\/p>\n<p style=\"text-align: justify;\"><span style=\"font-size: 14pt;\">Nursing, University of Granada (Spain);<\/span><\/p>\n<p style=\"text-align: justify;\"><span style=\"font-size: 14pt;\">University of Udine, Italy;<\/span><\/p>\n<p style=\"text-align: justify;\"><span style=\"font-size: 14pt;\">International Academy for Human Sciences and Culture, Switzerland;<\/span><\/p>\n<p style=\"text-align: justify;\"><span style=\"font-size: 14pt;\">University of Zurich, Switzerland;<\/span><\/p>\n<p style=\"text-align: justify;\"><span style=\"font-size: 14pt;\">Bar-Ilan University, Israel;<\/span><\/p>\n<p style=\"text-align: justify;\"><span style=\"font-size: 14pt;\">The Hebrew University of Jerusalem, Israel;<\/span><\/p>\n<p style=\"text-align: justify;\"><span style=\"font-size: 14pt;\">Hadassah Medical Center, Israel<\/span><\/p>\n<p style=\"text-align: justify;\"><span style=\"font-size: 14pt;\"><strong>Cel:\u00a0<\/strong>Celem pracy z jest ocena zdrowia psychicznego kobiet ci\u0119\u017carnych w trakcie pandemii Covid-19 z uwzgl\u0119dnieniem aspekt\u00f3w spo\u0142ecznych i kulturowych.<\/span><\/p>\n<p style=\"text-align: justify;\"><span style=\"font-size: 14pt;\"><strong>Grupa badawcza:\u00a0<\/strong>kobiety ci\u0119\u017carne<\/span><\/p>\n<p style=\"text-align: justify;\"><span style=\"font-size: 14pt;\"><strong>Termin realizacji:\u00a0<\/strong>marzec 2021r<\/span><\/p>\n<p style=\"text-align: justify;\"><span style=\"font-size: 14pt;\"><strong>Kontakt:\u00a0<\/strong>michalina.ilska@us.edu.pl<\/span><\/p>\n<p style=\"text-align: justify;\"><span style=\"font-size: 14pt;\"><strong>Wyst\u0105pienia konferencyjne:<\/strong><\/span><\/p>\n<p style=\"text-align: justify;\"><span style=\"font-size: 14pt;\">Lobel., M., Preis, H., Mahaffey, B., Schaal, N., Yirmiya, K., Balestrieri, M., Ilska, M., Caparros-Gonzalez, R., La Marca-Ghaemmaghami, P., (April 2022).\u00a0<em>Prenatal Maternal Stress, Anxiety, and Depression Symptoms During the COVID-19 Pandemic in Seven Western Countries<\/em>. 43rd Annual Meeting of the Society of Behavioral Medicine. Baltimore, MD, United States.<\/span><\/p>\n<p style=\"text-align: justify;\"><span style=\"font-size: 14pt;\"><strong>Publikacja:<\/strong><\/span><\/p>\n<p style=\"text-align: justify;\"><span style=\"font-size: 14pt;\">Lobel, M., Preis, H., Mahaffey, B., Schaal, N. K., Yirmiya, K., Atzil, S., Reuveni, I., Balestrieri, M., Penengo, C., Colli, C., Garzitto, M., Driul, L.,\u00a0<strong>Ilska, M., Brandt-Salmeri, A., Ko\u0142odziej-Zaleska, A.<\/strong>, Caparros-Gonzalez, R. A., Castro, R. A., la Marca-Ghaemmaghami, P., &amp; Meyerhoff, H. (2022). Common model of stress, anxiety, and depressive symptoms in pregnant women from seven high-income western countries at the COVID-19 pandemic onset.\u00a0<em>Social Science &amp; Medicine<\/em>, 115499.\u00a0<a href=\"https:\/\/doi.org\/10.1016\/J.SOCSCIMED.2022.115499\">https:\/\/doi.org\/10.1016\/J.SOCSCIMED.2022.115499\u00a0<\/a><strong>Impact Factor: 5.379; MEiN: 140p.<\/strong><\/span><\/p>\n<div class=\"mt-3\"><\/div>\r\n                            <\/div>\r\n                            \r\n                            <div class=\"text-modules__img\"><img src=\"https:\/\/us.edu.pl\/instytut\/ip\/wp-content\/uploads\/sites\/33\/Nieprzypisane\/brett-zeck-eyfMgGvo9PA-unsplash.jpg\" alt=\"img\"><\/div>\r\n                        <\/div>\r\n                    <\/div>\r\n                <\/div>[\/vc_column][\/vc_row]<\/p>","protected":false},"excerpt":{"rendered":"<p>[vc_row][vc_column][\/vc_column][\/vc_row][vc_row][vc_column][\/vc_column][\/vc_row][vc_row][vc_column][\/vc_column][\/vc_row] [&#8230;]<\/p>\n<p><a class=\"btn btn-secondary understrap-read-more-link\" href=\"https:\/\/us.edu.pl\/instytut\/ip\/nauka\/zespoly-badawcze\/projekty-naukowe-2\/pregnancy-parenthoodlab-prepare-lab\/aktualne-projekty-prepare-lab\/i-cope-doswiadczenia-ciezarnych-w-dobie-pandemii-covid-19\/\">Read More&#8230;<\/a><\/p>\n","protected":false},"author":159,"featured_media":0,"parent":4879,"menu_order":0,"comment_status":"closed","ping_status":"closed","template":"","meta":{"_expiration-date-status":"","_expiration-date":0,"_expiration-date-type":"","_expiration-date-categories":[],"_expiration-date-options":[]},"acf":[],"_links":{"self":[{"href":"https:\/\/us.edu.pl\/instytut\/ip\/wp-json\/wp\/v2\/pages\/4978"}],"collection":[{"href":"https:\/\/us.edu.pl\/instytut\/ip\/wp-json\/wp\/v2\/pages"}],"about":[{"href":"https:\/\/us.edu.pl\/instytut\/ip\/wp-json\/wp\/v2\/types\/page"}],"author":[{"embeddable":true,"href":"https:\/\/us.edu.pl\/instytut\/ip\/wp-json\/wp\/v2\/users\/159"}],"replies":[{"embeddable":true,"href":"https:\/\/us.edu.pl\/instytut\/ip\/wp-json\/wp\/v2\/comments?post=4978"}],"version-history":[{"count":1,"href":"https:\/\/us.edu.pl\/instytut\/ip\/wp-json\/wp\/v2\/pages\/4978\/revisions"}],"predecessor-version":[{"id":4982,"href":"https:\/\/us.edu.pl\/instytut\/ip\/wp-json\/wp\/v2\/pages\/4978\/revisions\/4982"}],"up":[{"embeddable":true,"href":"https:\/\/us.edu.pl\/instytut\/ip\/wp-json\/wp\/v2\/pages\/4879"}],"wp:attachment":[{"href":"https:\/\/us.edu.pl\/instytut\/ip\/wp-json\/wp\/v2\/media?parent=4978"}],"curies":[{"name":"wp","href":"https:\/\/api.w.org\/{rel}","templated":true}]}}