{"id":6458,"date":"2024-05-20T11:05:37","date_gmt":"2024-05-20T09:05:37","guid":{"rendered":"https:\/\/us.edu.pl\/instytut\/ip\/?page_id=6458"},"modified":"2024-05-28T17:16:13","modified_gmt":"2024-05-28T15:16:13","slug":"samotnosci-matek-malych-dzieci-a-wybrane-aspekty-zdrowia-psychicznego","status":"publish","type":"page","link":"https:\/\/us.edu.pl\/instytut\/ip\/nauka\/zespoly-badawcze\/projekty-naukowe-2\/pregnancy-parenthoodlab-prepare-lab\/aktualne-projekty-prepare-lab\/samotnosci-matek-malych-dzieci-a-wybrane-aspekty-zdrowia-psychicznego\/","title":{"rendered":"Samotno\u015bci matek ma\u0142ych dzieci a wybrane aspekty zdrowia psychicznego"},"content":{"rendered":"<p>[vc_row][vc_column]\r\n                <div class=\"text-modules \">\r\n                    <div class=\"container\">\r\n                         \r\n                        <div class=\"row m-0\">\r\n                            <div class=\"text-modules__content\">\r\n                                <\/p>\n<p style=\"text-align: justify;\"><span style=\"font-size: 14pt;\"><strong>Tytu\u0142:<\/strong> Samotno\u015b\u0107 matek ma\u0142ych dzieci a wybrane aspekty zdrowia psychicznego<\/span><\/p>\n<p style=\"text-align: justify;\"><span style=\"font-size: 14pt;\"><strong>Cel badania<\/strong>: Celem badania jest sprawdzenie, czy poziom stresu rodzicielskiego, jako\u015bci snu oraz objaw\u00f3w depresyjnych ma znaczenie w kontek\u015bcie odczuwania samotno\u015bci przez matki ma\u0142ych dzieci.\u00a0<\/span><\/p>\n<p style=\"text-align: justify;\"><span style=\"font-size: 14pt;\"><strong>Czas realizacji badania:<\/strong> 2024-2025<\/span><\/p>\n<p style=\"text-align: justify;\"><span style=\"font-size: 14pt;\"><strong>Realizacja projektu:<\/strong> Beata Kapias <\/span><\/p>\n<p style=\"text-align: justify;\"><span style=\"font-size: 14pt;\"><strong>Nadz\u00f3r merytoryczny: <\/strong>dr Anna Ko\u0142odziej-Zaleska<\/span><\/p>\n<p style=\"text-align: justify;\"><span style=\"font-size: 14pt;\"><strong>Kontakt: <\/strong>bkapias@us.edu.pl<\/span><\/p>\n<div class=\"mt-3\"><\/div>\r\n                            <\/div>\r\n                            \r\n                            <div class=\"text-modules__img\"><img src=\"https:\/\/us.edu.pl\/instytut\/ip\/wp-content\/uploads\/sites\/33\/Prepare-Lab\/pawel-czerwinski-p7wf5nG8dr0-unsplash-scaled.jpg\" alt=\"img\"><\/div>\r\n                        <\/div>\r\n                    <\/div>\r\n                <\/div>[\/vc_column][\/vc_row]<\/p>","protected":false},"excerpt":{"rendered":"<p>[vc_row][vc_column][\/vc_column][\/vc_row] [&#8230;]<\/p>\n<p><a class=\"btn btn-secondary understrap-read-more-link\" href=\"https:\/\/us.edu.pl\/instytut\/ip\/nauka\/zespoly-badawcze\/projekty-naukowe-2\/pregnancy-parenthoodlab-prepare-lab\/aktualne-projekty-prepare-lab\/samotnosci-matek-malych-dzieci-a-wybrane-aspekty-zdrowia-psychicznego\/\">Read More&#8230;<\/a><\/p>\n","protected":false},"author":159,"featured_media":0,"parent":4879,"menu_order":0,"comment_status":"closed","ping_status":"closed","template":"","meta":{"_expiration-date-status":"","_expiration-date":0,"_expiration-date-type":"","_expiration-date-categories":[],"_expiration-date-options":[]},"acf":[],"_links":{"self":[{"href":"https:\/\/us.edu.pl\/instytut\/ip\/wp-json\/wp\/v2\/pages\/6458"}],"collection":[{"href":"https:\/\/us.edu.pl\/instytut\/ip\/wp-json\/wp\/v2\/pages"}],"about":[{"href":"https:\/\/us.edu.pl\/instytut\/ip\/wp-json\/wp\/v2\/types\/page"}],"author":[{"embeddable":true,"href":"https:\/\/us.edu.pl\/instytut\/ip\/wp-json\/wp\/v2\/users\/159"}],"replies":[{"embeddable":true,"href":"https:\/\/us.edu.pl\/instytut\/ip\/wp-json\/wp\/v2\/comments?post=6458"}],"version-history":[{"count":3,"href":"https:\/\/us.edu.pl\/instytut\/ip\/wp-json\/wp\/v2\/pages\/6458\/revisions"}],"predecessor-version":[{"id":6487,"href":"https:\/\/us.edu.pl\/instytut\/ip\/wp-json\/wp\/v2\/pages\/6458\/revisions\/6487"}],"up":[{"embeddable":true,"href":"https:\/\/us.edu.pl\/instytut\/ip\/wp-json\/wp\/v2\/pages\/4879"}],"wp:attachment":[{"href":"https:\/\/us.edu.pl\/instytut\/ip\/wp-json\/wp\/v2\/media?parent=6458"}],"curies":[{"name":"wp","href":"https:\/\/api.w.org\/{rel}","templated":true}]}}