{"id":6685,"date":"2024-07-02T09:20:40","date_gmt":"2024-07-02T07:20:40","guid":{"rendered":"https:\/\/us.edu.pl\/instytut\/ip\/?page_id=6685"},"modified":"2024-07-02T09:20:40","modified_gmt":"2024-07-02T07:20:40","slug":"korelaty-zaleznej-od-zdrowia-jakosci-zycia-kobiet-ciezarnych","status":"publish","type":"page","link":"https:\/\/us.edu.pl\/instytut\/ip\/korelaty-zaleznej-od-zdrowia-jakosci-zycia-kobiet-ciezarnych\/","title":{"rendered":"Korelaty zale\u017cnej od zdrowia jako\u015bci \u017cycia kobiet ci\u0119\u017carnych"},"content":{"rendered":"<p>[vc_row][vc_column]\r\n                <div class=\"text-modules \">\r\n                    <div class=\"container\">\r\n                         \r\n                        <div class=\"row m-0\">\r\n                            <div class=\"text-modules__content\">\r\n                                <\/p>\n<div><span style=\"font-size: 14pt;\"><strong>Tytu\u0142: <\/strong>Korelaty zale\u017cnej od zdrowia jako\u015bci \u017cycia kobiet ci\u0119\u017carnych<\/span><\/div>\n<div><\/div>\n<div><span style=\"font-size: 14pt;\"><strong>Czas realizacji badania:<\/strong>\u00a02024r. \u2013 2025r.\u00a0<\/span><\/div>\n<div><\/div>\n<div><span style=\"font-size: 14pt;\"><strong>Realizacja projektu:<\/strong> Karolina Kubasik<\/span><\/div>\n<div><\/div>\n<div><span style=\"font-size: 14pt;\"><strong>Nadz\u00f3r merytoryczny:\u00a0<\/strong>dr Michalina Ilska<\/span><\/div>\n<div><\/div>\n<div><span style=\"font-size: 14pt;\"><strong>Kontakt: <\/strong>kakubasik@us.edu.pl<\/span><\/div>\n<p><span style=\"font-size: 14pt;\"><strong>Cel projektu:<\/strong><\/span><\/p>\n<p><span style=\"font-size: 14pt;\">Celem planowanego badania jest ocena wybranych korelat\u00f3w zale\u017cnej od zdrowia jako\u015bci \u017cycia, zwi\u0105zanych z stresem prenatalnym, zachowaniami zdrowotnymi i jako\u015bci\u0105 snu kobiet ci\u0119\u017carnych. Celami dodatkowymi badania b\u0119dzie polska adaptacja kwestionariuszy do pomiaru jako\u015bci \u017cycia kobiet ci\u0119\u017carnych oraz zachowa\u0144 zdrowotnych w ci\u0105\u017cy.<\/span> \r\n                                <div class=\"mt-3\"><\/div>\r\n                            <\/div>\r\n                            \r\n                            <div class=\"text-modules__img\"><img src=\"https:\/\/us.edu.pl\/instytut\/ip\/wp-content\/uploads\/sites\/33\/Prepare-Lab\/sergiu-valena-kS0PBh1LnBo-unsplash-300x200.jpg\" alt=\"img\"><\/div>\r\n                        <\/div>\r\n                    <\/div>\r\n                <\/div>[\/vc_column][\/vc_row]<\/p>","protected":false},"excerpt":{"rendered":"<p>[vc_row][vc_column][\/vc_column][\/vc_row] [&#8230;]<\/p>\n<p><a class=\"btn btn-secondary understrap-read-more-link\" href=\"https:\/\/us.edu.pl\/instytut\/ip\/korelaty-zaleznej-od-zdrowia-jakosci-zycia-kobiet-ciezarnych\/\">Read More&#8230;<\/a><\/p>\n","protected":false},"author":159,"featured_media":0,"parent":0,"menu_order":0,"comment_status":"closed","ping_status":"closed","template":"","meta":{"_expiration-date-status":"","_expiration-date":0,"_expiration-date-type":"","_expiration-date-categories":[],"_expiration-date-options":[]},"acf":[],"_links":{"self":[{"href":"https:\/\/us.edu.pl\/instytut\/ip\/wp-json\/wp\/v2\/pages\/6685"}],"collection":[{"href":"https:\/\/us.edu.pl\/instytut\/ip\/wp-json\/wp\/v2\/pages"}],"about":[{"href":"https:\/\/us.edu.pl\/instytut\/ip\/wp-json\/wp\/v2\/types\/page"}],"author":[{"embeddable":true,"href":"https:\/\/us.edu.pl\/instytut\/ip\/wp-json\/wp\/v2\/users\/159"}],"replies":[{"embeddable":true,"href":"https:\/\/us.edu.pl\/instytut\/ip\/wp-json\/wp\/v2\/comments?post=6685"}],"version-history":[{"count":1,"href":"https:\/\/us.edu.pl\/instytut\/ip\/wp-json\/wp\/v2\/pages\/6685\/revisions"}],"predecessor-version":[{"id":6687,"href":"https:\/\/us.edu.pl\/instytut\/ip\/wp-json\/wp\/v2\/pages\/6685\/revisions\/6687"}],"wp:attachment":[{"href":"https:\/\/us.edu.pl\/instytut\/ip\/wp-json\/wp\/v2\/media?parent=6685"}],"curies":[{"name":"wp","href":"https:\/\/api.w.org\/{rel}","templated":true}]}}