{"id":6866,"date":"2024-08-14T13:46:54","date_gmt":"2024-08-14T11:46:54","guid":{"rendered":"https:\/\/us.edu.pl\/instytut\/ip\/?page_id=6866"},"modified":"2026-03-14T14:13:20","modified_gmt":"2026-03-14T13:13:20","slug":"wybrane-korelaty-zespolu-stresu-pourazowego-u-kobiet-po-porodzie","status":"publish","type":"page","link":"https:\/\/us.edu.pl\/instytut\/ip\/wybrane-korelaty-zespolu-stresu-pourazowego-u-kobiet-po-porodzie\/","title":{"rendered":"Wybrane korelaty zespo\u0142u stresu pourazowego u kobiet po porodzie"},"content":{"rendered":"<p>[vc_row][vc_column]\r\n                <div class=\"text-modules \">\r\n                    <div class=\"container\">\r\n                         \r\n                        <div class=\"row m-0\">\r\n                            <div class=\"text-modules__content\">\r\n                                <\/p>\n<div style=\"text-align: justify;\"><span style=\"font-size: 14pt;\"><strong>Tytu\u0142: <\/strong>Wybrane korelaty zespo\u0142u stresu pourazowego u kobiet po porodzie\u00a0<\/span><\/div>\n<div style=\"text-align: justify;\"><\/div>\n<div style=\"text-align: justify;\"><span style=\"font-size: 14pt;\"><strong>Czas realizacji badania:<\/strong>\u00a02024r. \u2013 2025r.\u00a0<\/span><\/div>\n<div style=\"text-align: justify;\"><\/div>\n<div style=\"text-align: justify;\"><span style=\"font-size: 14pt;\"><strong>Realizacja projektu:<\/strong> Natalia Morawiec<\/span><\/div>\n<div style=\"text-align: justify;\"><\/div>\n<div style=\"text-align: justify;\"><span style=\"font-size: 14pt;\"><strong>Nadz\u00f3r merytoryczny:\u00a0<\/strong>dr Michalina Ilska<\/span><\/div>\n<div style=\"text-align: justify;\"><\/div>\n<div style=\"text-align: justify;\"><span style=\"font-size: 14pt;\"><strong>Kontakt: <\/strong>natalia.morawiec1@gmail.com<\/span><\/div>\n<p style=\"text-align: justify;\"><span style=\"font-size: 14pt;\"><strong>Cel projektu: <\/strong>G\u0142\u00f3wnym celem badania jest ocena wybranych korelat\u00f3w psychologicznych zespo\u0142u stresu pourazowego u kobiet po porodzie, ze szczeg\u00f3lnym uwzgl\u0119dnieniem przemocy po\u0142o\u017cniczej, satysfakcji z porodu i ego-resiliency.\u00a0<\/span><\/p>\n<p><span style=\"font-size: 14pt;\"><strong>Publikacja: <\/strong>Morawiec, N., &amp; Ilska, M. (2026). Psychological predictors of childbirth-related PTSD: The role of obstetric violence, childbirth satisfaction, and ego-resiliency.\u00a0<em data-start=\"1641\" data-end=\"1673\">Journal of Affective Disorders<\/em>, 121597.<\/span> \r\n                                <div class=\"mt-3\"><\/div>\r\n                            <\/div>\r\n                            \r\n                            <div class=\"text-modules__img\"><img src=\"https:\/\/us.edu.pl\/instytut\/ip\/wp-content\/uploads\/sites\/33\/Prepare-Lab\/alexander-grey-ZTSiID1W7-o-unsplash-scaled.jpg\" alt=\"img\"><\/div>\r\n                        <\/div>\r\n                    <\/div>\r\n                <\/div>[\/vc_column][\/vc_row]<\/p>","protected":false},"excerpt":{"rendered":"<p>[vc_row][vc_column][\/vc_column][\/vc_row] [&#8230;]<\/p>\n<p><a class=\"btn btn-secondary understrap-read-more-link\" href=\"https:\/\/us.edu.pl\/instytut\/ip\/wybrane-korelaty-zespolu-stresu-pourazowego-u-kobiet-po-porodzie\/\">Read More&#8230;<\/a><\/p>\n","protected":false},"author":159,"featured_media":0,"parent":0,"menu_order":0,"comment_status":"closed","ping_status":"closed","template":"","meta":{"_expiration-date-status":"","_expiration-date":0,"_expiration-date-type":"","_expiration-date-categories":[],"_expiration-date-options":[]},"acf":[],"_links":{"self":[{"href":"https:\/\/us.edu.pl\/instytut\/ip\/wp-json\/wp\/v2\/pages\/6866"}],"collection":[{"href":"https:\/\/us.edu.pl\/instytut\/ip\/wp-json\/wp\/v2\/pages"}],"about":[{"href":"https:\/\/us.edu.pl\/instytut\/ip\/wp-json\/wp\/v2\/types\/page"}],"author":[{"embeddable":true,"href":"https:\/\/us.edu.pl\/instytut\/ip\/wp-json\/wp\/v2\/users\/159"}],"replies":[{"embeddable":true,"href":"https:\/\/us.edu.pl\/instytut\/ip\/wp-json\/wp\/v2\/comments?post=6866"}],"version-history":[{"count":2,"href":"https:\/\/us.edu.pl\/instytut\/ip\/wp-json\/wp\/v2\/pages\/6866\/revisions"}],"predecessor-version":[{"id":11276,"href":"https:\/\/us.edu.pl\/instytut\/ip\/wp-json\/wp\/v2\/pages\/6866\/revisions\/11276"}],"wp:attachment":[{"href":"https:\/\/us.edu.pl\/instytut\/ip\/wp-json\/wp\/v2\/media?parent=6866"}],"curies":[{"name":"wp","href":"https:\/\/api.w.org\/{rel}","templated":true}]}}